{"id":4611,"date":"2024-03-23T17:03:46","date_gmt":"2024-03-23T14:03:46","guid":{"rendered":"https:\/\/endustriyel.com\/urun\/pvc-profil-ve-boru-fabrikalari-otomasyon-sistemleri\/"},"modified":"2024-04-15T12:27:39","modified_gmt":"2024-04-15T09:27:39","slug":"pvc-profil-ve-boru-fabrikalari-otomasyon-sistemleri","status":"publish","type":"product","link":"https:\/\/endustriyel.com\/de\/urun\/pvc-profil-ve-boru-fabrikalari-otomasyon-sistemleri\/","title":{"rendered":"Automatisierungssysteme f\u00fcr PVC-Profil- und Rohrfabriken"},"content":{"rendered":"<li>Bei dieser Automatisierungsl\u00f6sung wird die Anlage automatisch gestartet, ohne dass der Bediener am Anfang der Anlage warten muss, und die notwendigen Materialien f\u00fcr den PVC-Profil- und Rohrbau werden bereitgestellt.<br \/>\nDie Rohstoffe werden automatisch dosiert und k\u00f6nnen im Mischer gemischt und den Injektionsmaschinen zugef\u00fchrt werden.<\/li>\n<\/ul>\n","protected":false},"excerpt":{"rendered":"<ul>\n<li>Bu otomasyon \u00e7\u00f6z\u00fcm\u00fc, PVC profil ve boru \u00fcretimleri i\u00e7in gerekli olan hammaddelerin dozajlanarak ve mikserde kar\u0131\u015ft\u0131r\u0131larak enjeksiyon\/ekstr\u00fcder makinelerine g\u00f6nderilmesini otomatik olarak ger\u00e7ekle\u015ftiren bir otomasyon projesidir.<\/li>\n<li>Bu \u00e7\u00f6z\u00fcmle, istenilen dozajlama re\u00e7etelerinin hassas bir \u015fekilde tart\u0131larak, miksere kar\u0131\u015f\u0131m i\u00e7in g\u00f6nderilmesi sa\u011flanmakt\u0131r.<\/li>\n<li>Plastik profillerin ve borular\u0131n \u00fcretiminde ilk a\u015fama, belirli bir re\u00e7eteye g\u00f6re, hammadde ve katk\u0131lar\u0131n\u0131n hassas \u015fekilde dozajlanmas\u0131 ve mikserlenmesidir.<\/li>\n<li>Bu i\u015flemlerin manuel olarak yap\u0131lmas\u0131 durumunda enerji ve hammadde kay\u0131plar\u0131 artmakta, insana ba\u011fl\u0131 hata oran\u0131 y\u00fckselmektedir.<\/li>\n<\/ul>\n","protected":false},"featured_media":3634,"comment_status":"open","ping_status":"closed","template":"","meta":{"_acf_changed":false,"site-sidebar-layout":"default","site-content-layout":"","ast-site-content-layout":"default","site-content-style":"default","site-sidebar-style":"default","ast-global-header-display":"","ast-banner-title-visibility":"","ast-main-header-display":"","ast-hfb-above-header-display":"","ast-hfb-below-header-display":"","ast-hfb-mobile-header-display":"","site-post-title":"","ast-breadcrumbs-content":"","ast-featured-img":"","footer-sml-layout":"","theme-transparent-header-meta":"default","adv-header-id-meta":"","stick-header-meta":"","header-above-stick-meta":"","header-main-stick-meta":"","header-below-stick-meta":"","astra-migrate-meta-layouts":"set","ast-page-background-enabled":"default","ast-page-background-meta":{"desktop":{"background-color":"var(--ast-global-color-4)","background-image":"","background-repeat":"repeat","background-position":"center center","background-size":"auto","background-attachment":"scroll","background-type":"","background-media":"","overlay-type":"","overlay-color":"","overlay-opacity":"","overlay-gradient":""},"tablet":{"background-color":"","background-image":"","background-repeat":"repeat","background-position":"center center","background-size":"auto","background-attachment":"scroll","background-type":"","background-media":"","overlay-type":"","overlay-color":"","overlay-opacity":"","overlay-gradient":""},"mobile":{"background-color":"","background-image":"","background-repeat":"repeat","background-position":"center center","background-size":"auto","background-attachment":"scroll","background-type":"","background-media":"","overlay-type":"","overlay-color":"","overlay-opacity":"","overlay-gradient":""}},"ast-content-background-meta":{"desktop":{"background-color":"var(--ast-global-color-5)","background-image":"","background-repeat":"repeat","background-position":"center center","background-size":"auto","background-attachment":"scroll","background-type":"","background-media":"","overlay-type":"","overlay-color":"","overlay-opacity":"","overlay-gradient":""},"tablet":{"background-color":"var(--ast-global-color-5)","background-image":"","background-repeat":"repeat","background-position":"center center","background-size":"auto","background-attachment":"scroll","background-type":"","background-media":"","overlay-type":"","overlay-color":"","overlay-opacity":"","overlay-gradient":""},"mobile":{"background-color":"var(--ast-global-color-5)","background-image":"","background-repeat":"repeat","background-position":"center center","background-size":"auto","background-attachment":"scroll","background-type":"","background-media":"","overlay-type":"","overlay-color":"","overlay-opacity":"","overlay-gradient":""}}},"product_cat":[136],"product_tag":[],"class_list":{"0":"post-4611","1":"product","2":"type-product","3":"status-publish","4":"has-post-thumbnail","6":"product_cat-automatisierungsanwendungen","7":"desktop-align-left","8":"tablet-align-left","9":"mobile-align-left","11":"first","12":"instock","13":"shipping-taxable","14":"product-type-simple"},"acf":[],"_links":{"self":[{"href":"https:\/\/endustriyel.com\/de\/wp-json\/wp\/v2\/product\/4611","targetHints":{"allow":["GET"]}}],"collection":[{"href":"https:\/\/endustriyel.com\/de\/wp-json\/wp\/v2\/product"}],"about":[{"href":"https:\/\/endustriyel.com\/de\/wp-json\/wp\/v2\/types\/product"}],"replies":[{"embeddable":true,"href":"https:\/\/endustriyel.com\/de\/wp-json\/wp\/v2\/comments?post=4611"}],"wp:featuredmedia":[{"embeddable":true,"href":"https:\/\/endustriyel.com\/de\/wp-json\/wp\/v2\/media\/3634"}],"wp:attachment":[{"href":"https:\/\/endustriyel.com\/de\/wp-json\/wp\/v2\/media?parent=4611"}],"wp:term":[{"taxonomy":"product_cat","embeddable":true,"href":"https:\/\/endustriyel.com\/de\/wp-json\/wp\/v2\/product_cat?post=4611"},{"taxonomy":"product_tag","embeddable":true,"href":"https:\/\/endustriyel.com\/de\/wp-json\/wp\/v2\/product_tag?post=4611"}],"curies":[{"name":"wp","href":"https:\/\/api.w.org\/{rel}","templated":true}]}}