{"id":4605,"date":"2024-03-23T17:04:35","date_gmt":"2024-03-23T14:04:35","guid":{"rendered":"https:\/\/endustriyel.com\/urun\/makine-ve-tesis-otomasyon-uygulamalari\/"},"modified":"2024-05-09T15:05:00","modified_gmt":"2024-05-09T12:05:00","slug":"makine-ve-tesis-otomasyon-uygulamalari","status":"publish","type":"product","link":"https:\/\/endustriyel.com\/de\/urun\/makine-ve-tesis-otomasyon-uygulamalari\/","title":{"rendered":"Anwendungen zur Maschinen- und Anlagenautomatisierung"},"content":{"rendered":"<p>Unsere L\u00f6sungen zu diesem Problem lauten im Allgemeinen:<br \/>\nEntwurf der Automatisierung und des elektrischen Systems der Maschinen.<br \/>\nIPC-, SPS-, IO- und SCADA-Software, Bewegungssteuerung, PTP und NCI.<br \/>\nProgrammierung, Servomotor- und Treiberanwendungen.<br \/>\nModernisierung von Maschinen mit geringem Wirkungsgrad mit fortschrittlichen technologischen Systemen und Sensoren.<br \/>\nOptimierung der Prozessenergieleistung.<br \/>\nSteuerung und Schutz von Motoren.<br \/>\nWahrnehmung von Objekten, Formen und Farben.<br \/>\nKontrolle von Druck und Bewegung auf die Last.<br \/>\nSicherheit der Bediener und sicheres Anhalten der Maschinen.<br \/>\nSteuerung von Automatisierungsger\u00e4ten; \u00dcberwachung und \u00dcbermittlung der gewonnenen Daten.<br \/>\nVerpackung und Verpackungsanwendungen.<br \/>\nMechanische Handhabungsanwendungen.<br \/>\nPumpenanwendungen.<br \/>\nSchrittmotoren, Treiber und Schrittmotorsteuereinheiten.<br \/>\nSteuerung von Servomotoren.<\/p>\n","protected":false},"excerpt":{"rendered":"<p>Bei unseren Maschinen- und Anlagenautomatisierungsl\u00f6sungen wird die gesamte Anlage \u00fcber das Bedienpanel oder EDV-System gesteuert und die St\u00f6rungen und Produktionen nachtr\u00e4glich erfasst.<br \/>\nEs bietet dem Benutzer in vielerlei Hinsicht Komfort, z. B. bei der Aufzeichnung als Ger\u00e4t und der schnellen Fehlerbehebung.<\/p>\n","protected":false},"featured_media":3639,"comment_status":"open","ping_status":"closed","template":"","meta":{"_acf_changed":false,"site-sidebar-layout":"default","site-content-layout":"","ast-site-content-layout":"default","site-content-style":"default","site-sidebar-style":"default","ast-global-header-display":"","ast-banner-title-visibility":"","ast-main-header-display":"","ast-hfb-above-header-display":"","ast-hfb-below-header-display":"","ast-hfb-mobile-header-display":"","site-post-title":"","ast-breadcrumbs-content":"","ast-featured-img":"","footer-sml-layout":"","theme-transparent-header-meta":"default","adv-header-id-meta":"","stick-header-meta":"","header-above-stick-meta":"","header-main-stick-meta":"","header-below-stick-meta":"","astra-migrate-meta-layouts":"set","ast-page-background-enabled":"default","ast-page-background-meta":{"desktop":{"background-color":"var(--ast-global-color-4)","background-image":"","background-repeat":"repeat","background-position":"center center","background-size":"auto","background-attachment":"scroll","background-type":"","background-media":"","overlay-type":"","overlay-color":"","overlay-opacity":"","overlay-gradient":""},"tablet":{"background-color":"","background-image":"","background-repeat":"repeat","background-position":"center center","background-size":"auto","background-attachment":"scroll","background-type":"","background-media":"","overlay-type":"","overlay-color":"","overlay-opacity":"","overlay-gradient":""},"mobile":{"background-color":"","background-image":"","background-repeat":"repeat","background-position":"center center","background-size":"auto","background-attachment":"scroll","background-type":"","background-media":"","overlay-type":"","overlay-color":"","overlay-opacity":"","overlay-gradient":""}},"ast-content-background-meta":{"desktop":{"background-color":"var(--ast-global-color-5)","background-image":"","background-repeat":"repeat","background-position":"center center","background-size":"auto","background-attachment":"scroll","background-type":"","background-media":"","overlay-type":"","overlay-color":"","overlay-opacity":"","overlay-gradient":""},"tablet":{"background-color":"var(--ast-global-color-5)","background-image":"","background-repeat":"repeat","background-position":"center center","background-size":"auto","background-attachment":"scroll","background-type":"","background-media":"","overlay-type":"","overlay-color":"","overlay-opacity":"","overlay-gradient":""},"mobile":{"background-color":"var(--ast-global-color-5)","background-image":"","background-repeat":"repeat","background-position":"center center","background-size":"auto","background-attachment":"scroll","background-type":"","background-media":"","overlay-type":"","overlay-color":"","overlay-opacity":"","overlay-gradient":""}}},"product_cat":[136],"product_tag":[],"class_list":{"0":"post-4605","1":"product","2":"type-product","3":"status-publish","4":"has-post-thumbnail","6":"product_cat-automatisierungsanwendungen","7":"desktop-align-left","8":"tablet-align-left","9":"mobile-align-left","11":"first","12":"instock","13":"shipping-taxable","14":"product-type-simple"},"acf":[],"_links":{"self":[{"href":"https:\/\/endustriyel.com\/de\/wp-json\/wp\/v2\/product\/4605","targetHints":{"allow":["GET"]}}],"collection":[{"href":"https:\/\/endustriyel.com\/de\/wp-json\/wp\/v2\/product"}],"about":[{"href":"https:\/\/endustriyel.com\/de\/wp-json\/wp\/v2\/types\/product"}],"replies":[{"embeddable":true,"href":"https:\/\/endustriyel.com\/de\/wp-json\/wp\/v2\/comments?post=4605"}],"wp:featuredmedia":[{"embeddable":true,"href":"https:\/\/endustriyel.com\/de\/wp-json\/wp\/v2\/media\/3639"}],"wp:attachment":[{"href":"https:\/\/endustriyel.com\/de\/wp-json\/wp\/v2\/media?parent=4605"}],"wp:term":[{"taxonomy":"product_cat","embeddable":true,"href":"https:\/\/endustriyel.com\/de\/wp-json\/wp\/v2\/product_cat?post=4605"},{"taxonomy":"product_tag","embeddable":true,"href":"https:\/\/endustriyel.com\/de\/wp-json\/wp\/v2\/product_tag?post=4605"}],"curies":[{"name":"wp","href":"https:\/\/api.w.org\/{rel}","templated":true}]}}