{"id":13840,"date":"2024-07-02T11:40:35","date_gmt":"2024-07-02T08:40:35","guid":{"rendered":"https:\/\/endustriyel.com\/urun\/automatic-water-unit-2500-lt\/"},"modified":"2024-12-05T11:36:45","modified_gmt":"2024-12-05T08:36:45","slug":"otomatik-su-unitesi-2500-lt-2","status":"publish","type":"product","link":"https:\/\/endustriyel.com\/de\/urun\/otomatik-su-unitesi-2500-lt-2\/","title":{"rendered":"Automatische Wassereinheit 2500 L"},"content":{"rendered":"<ul>\n<li>F\u00fcr die gew\u00fcnschte Feuchtigkeit des Produkts wird das gew\u00fcnschte Feuchtigkeitsverh\u00e4ltnis nach der Weizenflussmenge festgestellt und die Berechnung der automatisch aufzunehmenden Wassermenge wird in PLC programmiert und das Wasser wird automatisch aufgenommen. Das Wasser wird durch das Servoventil automatisch kontrolliert. <\/li>\n<li>Die Durchflussmenge wird mit einer Pr\u00e4zision von 0,5% gemessen. Auf der Tafel gibt es ein Durchflussmesser. Dadurch wird der Gesamtwasserdurchfluss in Liter\/Liter angezeigt und ins Computerarchiv gespeichert. Diese Werte k\u00f6nnen jederzeit als Tag, Monat, Jahr berichtet werden.  <\/li>\n<\/ul>\n","protected":false},"excerpt":{"rendered":"<ul>\n<li>F\u00fcr die gew\u00fcnschte Feuchtigkeit des Produkts wird das gew\u00fcnschte Feuchtigkeitsverh\u00e4ltnis nach der Weizenflussmenge festgestellt und die Berechnung der automatisch aufzunehmenden Wassermenge wird in PLC programmiert und das Wasser wird automatisch aufgenommen. Das Wasser wird durch das Servoventil automatisch kontrolliert. <\/li>\n<li>Die Durchflussmenge wird mit einer Pr\u00e4zision von 0,5% gemessen. Auf der Tafel gibt es ein Durchflussmesser. Dadurch wird der Gesamtwasserdurchfluss in Liter\/Liter angezeigt und ins Computerarchiv gespeichert. Diese Werte k\u00f6nnen jederzeit als Tag, Monat, Jahr berichtet werden.  <\/li>\n<\/ul>\n","protected":false},"featured_media":3044,"comment_status":"open","ping_status":"closed","template":"","meta":{"_acf_changed":false,"site-sidebar-layout":"default","site-content-layout":"","ast-site-content-layout":"default","site-content-style":"default","site-sidebar-style":"default","ast-global-header-display":"","ast-banner-title-visibility":"","ast-main-header-display":"","ast-hfb-above-header-display":"","ast-hfb-below-header-display":"","ast-hfb-mobile-header-display":"","site-post-title":"","ast-breadcrumbs-content":"","ast-featured-img":"","footer-sml-layout":"","theme-transparent-header-meta":"default","adv-header-id-meta":"","stick-header-meta":"","header-above-stick-meta":"","header-main-stick-meta":"","header-below-stick-meta":"","astra-migrate-meta-layouts":"set","ast-page-background-enabled":"default","ast-page-background-meta":{"desktop":{"background-color":"var(--ast-global-color-4)","background-image":"","background-repeat":"repeat","background-position":"center center","background-size":"auto","background-attachment":"scroll","background-type":"","background-media":"","overlay-type":"","overlay-color":"","overlay-opacity":"","overlay-gradient":""},"tablet":{"background-color":"","background-image":"","background-repeat":"repeat","background-position":"center center","background-size":"auto","background-attachment":"scroll","background-type":"","background-media":"","overlay-type":"","overlay-color":"","overlay-opacity":"","overlay-gradient":""},"mobile":{"background-color":"","background-image":"","background-repeat":"repeat","background-position":"center center","background-size":"auto","background-attachment":"scroll","background-type":"","background-media":"","overlay-type":"","overlay-color":"","overlay-opacity":"","overlay-gradient":""}},"ast-content-background-meta":{"desktop":{"background-color":"var(--ast-global-color-5)","background-image":"","background-repeat":"repeat","background-position":"center center","background-size":"auto","background-attachment":"scroll","background-type":"","background-media":"","overlay-type":"","overlay-color":"","overlay-opacity":"","overlay-gradient":""},"tablet":{"background-color":"var(--ast-global-color-5)","background-image":"","background-repeat":"repeat","background-position":"center center","background-size":"auto","background-attachment":"scroll","background-type":"","background-media":"","overlay-type":"","overlay-color":"","overlay-opacity":"","overlay-gradient":""},"mobile":{"background-color":"var(--ast-global-color-5)","background-image":"","background-repeat":"repeat","background-position":"center center","background-size":"auto","background-attachment":"scroll","background-type":"","background-media":"","overlay-type":"","overlay-color":"","overlay-opacity":"","overlay-gradient":""}}},"product_cat":[232],"product_tag":[],"class_list":{"0":"post-13840","1":"product","2":"type-product","3":"status-publish","4":"has-post-thumbnail","6":"product_cat-automatische-gluhsysteme","7":"desktop-align-left","8":"tablet-align-left","9":"mobile-align-left","11":"first","12":"instock","13":"shipping-taxable","14":"product-type-simple"},"acf":[],"_links":{"self":[{"href":"https:\/\/endustriyel.com\/de\/wp-json\/wp\/v2\/product\/13840","targetHints":{"allow":["GET"]}}],"collection":[{"href":"https:\/\/endustriyel.com\/de\/wp-json\/wp\/v2\/product"}],"about":[{"href":"https:\/\/endustriyel.com\/de\/wp-json\/wp\/v2\/types\/product"}],"replies":[{"embeddable":true,"href":"https:\/\/endustriyel.com\/de\/wp-json\/wp\/v2\/comments?post=13840"}],"wp:featuredmedia":[{"embeddable":true,"href":"https:\/\/endustriyel.com\/de\/wp-json\/wp\/v2\/media\/3044"}],"wp:attachment":[{"href":"https:\/\/endustriyel.com\/de\/wp-json\/wp\/v2\/media?parent=13840"}],"wp:term":[{"taxonomy":"product_cat","embeddable":true,"href":"https:\/\/endustriyel.com\/de\/wp-json\/wp\/v2\/product_cat?post=13840"},{"taxonomy":"product_tag","embeddable":true,"href":"https:\/\/endustriyel.com\/de\/wp-json\/wp\/v2\/product_tag?post=13840"}],"curies":[{"name":"wp","href":"https:\/\/api.w.org\/{rel}","templated":true}]}}