{"id":10742,"date":"2024-03-23T16:50:44","date_gmt":"2024-03-23T13:50:44","guid":{"rendered":"https:\/\/endustriyel.com\/urun\/akis-kontrollu-tavlama-sistemleri-plc-kontrollu\/"},"modified":"2024-05-21T19:57:44","modified_gmt":"2024-05-21T16:57:44","slug":"durchflussgesteuerte-gluehsysteme-sps-gesteuert","status":"publish","type":"product","link":"https:\/\/endustriyel.com\/de\/urun\/durchflussgesteuerte-gluehsysteme-sps-gesteuert\/","title":{"rendered":"Durchflussgesteuerte Gl\u00fchsysteme \u2013 SPS-gesteuert"},"content":{"rendered":"<ul>\n<li>In sich geschlossene, durchflussgesteuerte automatische Gl\u00fchsysteme berechnen automatisch die Wassermenge, die in das System aufgenommen werden muss, und \u00fcbertragen die ermittelte Wassermenge<\/li>\n<li>automatisch in das System. Mit dem Servoventil ist es m\u00f6glich, die Wasserabgabe automatisch oder manuell zu steuern. Mithilfe eines elektronischen Messger\u00e4ts wird die Durchflussmenge des durch das System<\/li>\n<li>flie\u00dfenden Wassers pr\u00e4zise gemessen.<\/li>\n<li>wird irgendwie gemessen.<\/li>\n<li>W\u00e4hrend \u00fcber das Ger\u00e4t mit Hilfe eines Bedieners automatische Gl\u00fchanlagen bedient werden k\u00f6nnen, k\u00f6nnen diese auch \u00fcber eine SPS gesteuert werden, die kontinuierlich mit der zentralen Steuerung kommunizieren kann.<\/li>\n<\/ul>\n","protected":false},"excerpt":{"rendered":"<ul>\n<li>EIGENSCHAFTEN DES AUTOMATISCHEN Gl\u00fchsystems<\/li>\n<li>Die Durchflussrate des Weizens, der in das System gelangt, wird mit maximal 2 % gemessen, und sein Feuchtigkeitsgehalt wird zwischen 7 und 25 % mit einer Genauigkeit von \u00b10,3 gemessen.<\/li>\n<li>In diesem Stadium ist es notwendig, einen bestimmten Feuchtigkeitswert festzulegen, um ein besseres und qualitativ hochwertigeres Produkt zu erhalten.<\/li>\n<li>Um den Weizen auf den gew\u00fcnschten Feuchtigkeitsgehalt zu bringen, muss die angestrebte Feuchtigkeitsrate entsprechend der Durchflussrate des Materials im System bestimmt und dementsprechend<\/li>\n<li>berechnet werden, wie viel Wasser er erhalten wird, und dieses Wasser muss dem System zugef\u00fchrt werden .<\/li>\n<\/ul>\n","protected":false},"featured_media":4570,"comment_status":"open","ping_status":"closed","template":"","meta":{"_acf_changed":false,"site-sidebar-layout":"default","site-content-layout":"","ast-site-content-layout":"default","site-content-style":"default","site-sidebar-style":"default","ast-global-header-display":"","ast-banner-title-visibility":"","ast-main-header-display":"","ast-hfb-above-header-display":"","ast-hfb-below-header-display":"","ast-hfb-mobile-header-display":"","site-post-title":"","ast-breadcrumbs-content":"","ast-featured-img":"","footer-sml-layout":"","theme-transparent-header-meta":"default","adv-header-id-meta":"","stick-header-meta":"","header-above-stick-meta":"","header-main-stick-meta":"","header-below-stick-meta":"","astra-migrate-meta-layouts":"set","ast-page-background-enabled":"default","ast-page-background-meta":{"desktop":{"background-color":"var(--ast-global-color-4)","background-image":"","background-repeat":"repeat","background-position":"center center","background-size":"auto","background-attachment":"scroll","background-type":"","background-media":"","overlay-type":"","overlay-color":"","overlay-opacity":"","overlay-gradient":""},"tablet":{"background-color":"","background-image":"","background-repeat":"repeat","background-position":"center center","background-size":"auto","background-attachment":"scroll","background-type":"","background-media":"","overlay-type":"","overlay-color":"","overlay-opacity":"","overlay-gradient":""},"mobile":{"background-color":"","background-image":"","background-repeat":"repeat","background-position":"center center","background-size":"auto","background-attachment":"scroll","background-type":"","background-media":"","overlay-type":"","overlay-color":"","overlay-opacity":"","overlay-gradient":""}},"ast-content-background-meta":{"desktop":{"background-color":"var(--ast-global-color-5)","background-image":"","background-repeat":"repeat","background-position":"center center","background-size":"auto","background-attachment":"scroll","background-type":"","background-media":"","overlay-type":"","overlay-color":"","overlay-opacity":"","overlay-gradient":""},"tablet":{"background-color":"var(--ast-global-color-5)","background-image":"","background-repeat":"repeat","background-position":"center center","background-size":"auto","background-attachment":"scroll","background-type":"","background-media":"","overlay-type":"","overlay-color":"","overlay-opacity":"","overlay-gradient":""},"mobile":{"background-color":"var(--ast-global-color-5)","background-image":"","background-repeat":"repeat","background-position":"center center","background-size":"auto","background-attachment":"scroll","background-type":"","background-media":"","overlay-type":"","overlay-color":"","overlay-opacity":"","overlay-gradient":""}}},"product_cat":[232],"product_tag":[],"class_list":{"0":"post-10742","1":"product","2":"type-product","3":"status-publish","4":"has-post-thumbnail","6":"product_cat-automatische-gluhsysteme","7":"desktop-align-left","8":"tablet-align-left","9":"mobile-align-left","11":"first","12":"instock","13":"shipping-taxable","14":"product-type-simple"},"acf":[],"_links":{"self":[{"href":"https:\/\/endustriyel.com\/de\/wp-json\/wp\/v2\/product\/10742","targetHints":{"allow":["GET"]}}],"collection":[{"href":"https:\/\/endustriyel.com\/de\/wp-json\/wp\/v2\/product"}],"about":[{"href":"https:\/\/endustriyel.com\/de\/wp-json\/wp\/v2\/types\/product"}],"replies":[{"embeddable":true,"href":"https:\/\/endustriyel.com\/de\/wp-json\/wp\/v2\/comments?post=10742"}],"wp:featuredmedia":[{"embeddable":true,"href":"https:\/\/endustriyel.com\/de\/wp-json\/wp\/v2\/media\/4570"}],"wp:attachment":[{"href":"https:\/\/endustriyel.com\/de\/wp-json\/wp\/v2\/media?parent=10742"}],"wp:term":[{"taxonomy":"product_cat","embeddable":true,"href":"https:\/\/endustriyel.com\/de\/wp-json\/wp\/v2\/product_cat?post=10742"},{"taxonomy":"product_tag","embeddable":true,"href":"https:\/\/endustriyel.com\/de\/wp-json\/wp\/v2\/product_tag?post=10742"}],"curies":[{"name":"wp","href":"https:\/\/api.w.org\/{rel}","templated":true}]}}