{"id":10623,"date":"2024-03-23T16:46:55","date_gmt":"2024-03-23T13:46:55","guid":{"rendered":"https:\/\/endustriyel.com\/urun\/2-tartim-4-istasyon-karoser-un-paketleme-sistemi-10-25-50-kg\/"},"modified":"2024-08-29T09:56:02","modified_gmt":"2024-08-29T06:56:02","slug":"2-tartim-4-istasyon-karoser-un-paketleme-sistemi-10-25-50-kg","status":"publish","type":"product","link":"https:\/\/endustriyel.com\/de\/urun\/2-tartim-4-istasyon-karoser-un-paketleme-sistemi-10-25-50-kg\/","title":{"rendered":"2 Tart\u0131m 4 \u0130stasyon Karoser Un Paketleme Sistemi 10\/25\/50 Kg"},"content":{"rendered":"<ul>\n<li>Kapasite Bilgileri: Torbalanacak \u00fcr\u00fcne ve istenen toleransa g\u00f6re de\u011fi\u015fmekle birlikte a\u015fa\u011f\u0131daki paketleme h\u0131z\u0131 ile ilgili de\u011ferler sistemin kapasitesi hakk\u0131nda bir bilgi verecektir.<\/li>\n<li>10 kg\u2019l\u0131k Paketlemelerde 9 ton\/saat 25 kg\u2019l\u0131k Paketlemelerde 20 ton\/saat 50 kg\u2019l\u0131k Paketlemelerde 37,5 ton\/saat 50 kg\u2019l\u0131k paketlemelerde paket ba\u015f\u0131na tolerans \u00b10,15 kg aras\u0131nda de\u011fi\u015fir.<\/li>\n<li>Ayr\u0131ca, paket ba\u015f\u0131na d\u00fc\u015fen ortalama hata pay\u0131 ile un veya benzer karakterdeki \u00fcr\u00fcnlerde 37,5 ton\/saat kapasite ile \u00e7al\u0131\u015fmas\u0131 taahh\u00fct edilir.<\/li>\n<li>Paketleme Set De\u011ferleri : Paket dolum a\u011f\u0131rl\u0131klar\u0131 operat\u00f6r taraf\u0131ndan 10 \u2013 25 &#8211; 50 kg aras\u0131nda tercih edilebilmektedir<\/li>\n<\/ul>\n","protected":false},"excerpt":{"rendered":"<ul>\n<li>Kapasite Bilgileri: Torbalanacak \u00fcr\u00fcne ve istenen toleransa g\u00f6re de\u011fi\u015fmekle birlikte a\u015fa\u011f\u0131daki paketleme h\u0131z\u0131 ile ilgili de\u011ferler sistemin kapasitesi hakk\u0131nda bir bilgi verecektir.<\/li>\n<li>10 kg\u2019l\u0131k Paketlemelerde 9 ton\/saat<\/li>\n<li>25 kg\u2019l\u0131k Paketlemelerde 20 ton\/saat<\/li>\n<li>50 kg\u2019l\u0131k Paketlemelerde 37,5 ton\/saat<\/li>\n<li>50 kg\u2019l\u0131k paketlemelerde paket ba\u015f\u0131na tolerans \u00b10,15 kg aras\u0131nda de\u011fi\u015fir. Ayr\u0131ca, paket ba\u015f\u0131na d\u00fc\u015fen ortalama hata pay\u0131 ile un veya benzer karakterdeki \u00fcr\u00fcnlerde<\/li>\n<li>37,5 ton\/saat kapasite ile \u00e7al\u0131\u015fmas\u0131 taahh\u00fct edilir.<\/li>\n<li>Paketleme Set De\u011ferleri : Paket dolum a\u011f\u0131rl\u0131klar\u0131 operat\u00f6r taraf\u0131ndan 10 \u2013 25 &#8211; 50 kg aras\u0131nda tercih edilebilmektedir<\/li>\n<\/ul>\n","protected":false},"featured_media":12555,"comment_status":"open","ping_status":"closed","template":"","meta":{"_acf_changed":false,"site-sidebar-layout":"default","site-content-layout":"","ast-site-content-layout":"default","site-content-style":"default","site-sidebar-style":"default","ast-global-header-display":"","ast-banner-title-visibility":"","ast-main-header-display":"","ast-hfb-above-header-display":"","ast-hfb-below-header-display":"","ast-hfb-mobile-header-display":"","site-post-title":"","ast-breadcrumbs-content":"","ast-featured-img":"","footer-sml-layout":"","theme-transparent-header-meta":"default","adv-header-id-meta":"","stick-header-meta":"","header-above-stick-meta":"","header-main-stick-meta":"","header-below-stick-meta":"","astra-migrate-meta-layouts":"set","ast-page-background-enabled":"default","ast-page-background-meta":{"desktop":{"background-color":"var(--ast-global-color-4)","background-image":"","background-repeat":"repeat","background-position":"center center","background-size":"auto","background-attachment":"scroll","background-type":"","background-media":"","overlay-type":"","overlay-color":"","overlay-opacity":"","overlay-gradient":""},"tablet":{"background-color":"","background-image":"","background-repeat":"repeat","background-position":"center center","background-size":"auto","background-attachment":"scroll","background-type":"","background-media":"","overlay-type":"","overlay-color":"","overlay-opacity":"","overlay-gradient":""},"mobile":{"background-color":"","background-image":"","background-repeat":"repeat","background-position":"center center","background-size":"auto","background-attachment":"scroll","background-type":"","background-media":"","overlay-type":"","overlay-color":"","overlay-opacity":"","overlay-gradient":""}},"ast-content-background-meta":{"desktop":{"background-color":"var(--ast-global-color-5)","background-image":"","background-repeat":"repeat","background-position":"center center","background-size":"auto","background-attachment":"scroll","background-type":"","background-media":"","overlay-type":"","overlay-color":"","overlay-opacity":"","overlay-gradient":""},"tablet":{"background-color":"var(--ast-global-color-5)","background-image":"","background-repeat":"repeat","background-position":"center center","background-size":"auto","background-attachment":"scroll","background-type":"","background-media":"","overlay-type":"","overlay-color":"","overlay-opacity":"","overlay-gradient":""},"mobile":{"background-color":"var(--ast-global-color-5)","background-image":"","background-repeat":"repeat","background-position":"center center","background-size":"auto","background-attachment":"scroll","background-type":"","background-media":"","overlay-type":"","overlay-color":"","overlay-opacity":"","overlay-gradient":""}}},"product_cat":[282],"product_tag":[],"class_list":{"0":"post-10623","1":"product","2":"type-product","3":"status-publish","4":"has-post-thumbnail","6":"product_cat-automatisierte-verpackungssysteme","7":"desktop-align-left","8":"tablet-align-left","9":"mobile-align-left","11":"first","12":"instock","13":"shipping-taxable","14":"product-type-simple"},"acf":[],"_links":{"self":[{"href":"https:\/\/endustriyel.com\/de\/wp-json\/wp\/v2\/product\/10623","targetHints":{"allow":["GET"]}}],"collection":[{"href":"https:\/\/endustriyel.com\/de\/wp-json\/wp\/v2\/product"}],"about":[{"href":"https:\/\/endustriyel.com\/de\/wp-json\/wp\/v2\/types\/product"}],"replies":[{"embeddable":true,"href":"https:\/\/endustriyel.com\/de\/wp-json\/wp\/v2\/comments?post=10623"}],"wp:featuredmedia":[{"embeddable":true,"href":"https:\/\/endustriyel.com\/de\/wp-json\/wp\/v2\/media\/12555"}],"wp:attachment":[{"href":"https:\/\/endustriyel.com\/de\/wp-json\/wp\/v2\/media?parent=10623"}],"wp:term":[{"taxonomy":"product_cat","embeddable":true,"href":"https:\/\/endustriyel.com\/de\/wp-json\/wp\/v2\/product_cat?post=10623"},{"taxonomy":"product_tag","embeddable":true,"href":"https:\/\/endustriyel.com\/de\/wp-json\/wp\/v2\/product_tag?post=10623"}],"curies":[{"name":"wp","href":"https:\/\/api.w.org\/{rel}","templated":true}]}}