{"id":9777,"date":"2024-04-29T17:04:56","date_gmt":"2024-04-29T14:04:56","guid":{"rendered":"https:\/\/endustriyel.com\/proje-departmani\/"},"modified":"2024-05-16T18:42:18","modified_gmt":"2024-05-16T15:42:18","slug":"projektabteilung","status":"publish","type":"page","link":"https:\/\/endustriyel.com\/de\/projektabteilung\/","title":{"rendered":"Projektabteilung"},"content":{"rendered":"\t\t<div data-elementor-type=\"wp-page\" data-elementor-id=\"9777\" class=\"elementor elementor-9777 elementor-6978\" data-elementor-post-type=\"page\">\n\t\t\t\t\t\t<section class=\"elementor-section elementor-top-section elementor-element elementor-element-1442060 elementor-section-full_width elementor-section-stretched elementor-section-height-default elementor-section-height-default wpr-particle-no wpr-jarallax-no wpr-parallax-no wpr-sticky-section-no\" data-id=\"1442060\" data-element_type=\"section\" data-settings=\"{&quot;stretch_section&quot;:&quot;section-stretched&quot;,&quot;background_background&quot;:&quot;video&quot;,&quot;shape_divider_bottom&quot;:&quot;opacity-tilt&quot;,&quot;background_video_link&quot;:&quot;https:\\\/\\\/endustriyel.com\\\/wp-content\\\/uploads\\\/2024\\\/04\\\/saha-ve-montaj-2.mp4&quot;,&quot;background_play_on_mobile&quot;:&quot;yes&quot;}\">\n\t\t\t\t\t\t\t\t<div class=\"elementor-background-video-container\">\n\t\t\t\t\t\t\t\t\t\t\t\t\t<video class=\"elementor-background-video-hosted elementor-html5-video\" autoplay muted playsinline loop><\/video>\n\t\t\t\t\t\t\t\t\t\t\t<\/div>\n\t\t\t\t\t\t\t\t\t<div class=\"elementor-background-overlay\"><\/div>\n\t\t\t\t\t\t<div class=\"elementor-shape elementor-shape-bottom\" data-negative=\"false\">\n\t\t\t<svg xmlns=\"http:\/\/www.w3.org\/2000\/svg\" viewBox=\"0 0 2600 131.1\" preserveAspectRatio=\"none\">\n\t<path class=\"elementor-shape-fill\" d=\"M0 0L2600 0 2600 69.1 0 0z\"\/>\n\t<path class=\"elementor-shape-fill\" style=\"opacity:0.5\" d=\"M0 0L2600 0 2600 69.1 0 69.1z\"\/>\n\t<path class=\"elementor-shape-fill\" style=\"opacity:0.25\" d=\"M2600 0L0 0 0 130.1 2600 69.1z\"\/>\n<\/svg>\t\t<\/div>\n\t\t\t\t\t<div class=\"elementor-container elementor-column-gap-no\">\n\t\t\t\t\t<div class=\"elementor-column elementor-col-100 elementor-top-column elementor-element elementor-element-3be9af1\" data-id=\"3be9af1\" data-element_type=\"column\">\n\t\t\t<div class=\"elementor-widget-wrap elementor-element-populated\">\n\t\t\t\t\t\t<section class=\"elementor-section elementor-inner-section elementor-element elementor-element-3646fa3 elementor-section-boxed elementor-section-height-default elementor-section-height-default wpr-particle-no wpr-jarallax-no wpr-parallax-no wpr-sticky-section-no\" data-id=\"3646fa3\" data-element_type=\"section\">\n\t\t\t\t\t\t<div class=\"elementor-container elementor-column-gap-default\">\n\t\t\t\t\t<div class=\"elementor-column elementor-col-50 elementor-inner-column elementor-element elementor-element-5fd2dea\" data-id=\"5fd2dea\" data-element_type=\"column\">\n\t\t\t<div class=\"elementor-widget-wrap elementor-element-populated\">\n\t\t\t\t\t\t<div class=\"elementor-element elementor-element-8bee9ff elementor-icon-list--layout-inline elementor-list-item-link-full_width elementor-widget elementor-widget-icon-list\" data-id=\"8bee9ff\" data-element_type=\"widget\" data-widget_type=\"icon-list.default\">\n\t\t\t\t<div class=\"elementor-widget-container\">\n\t\t\t<link rel=\"stylesheet\" href=\"https:\/\/endustriyel.com\/wp-content\/uploads\/elementor\/css\/custom-widget-icon-list.min.css?ver=1730881101\">\t\t<ul class=\"elementor-icon-list-items elementor-inline-items\">\n\t\t\t\t\t\t\t<li class=\"elementor-icon-list-item elementor-inline-item\">\n\t\t\t\t\t\t\t\t\t\t\t<a href=\"https:\/\/endustriyel.com\/de\/\">\n\n\t\t\t\t\t\t\t\t\t\t\t\t<span class=\"elementor-icon-list-icon\">\n\t\t\t\t\t\t\t<i aria-hidden=\"true\" class=\"icon icon-home1\"><\/i>\t\t\t\t\t\t<\/span>\n\t\t\t\t\t\t\t\t\t\t<span class=\"elementor-icon-list-text\">Startseite<\/span>\n\t\t\t\t\t\t\t\t\t\t\t<\/a>\n\t\t\t\t\t\t\t\t\t<\/li>\n\t\t\t\t\t\t\t\t<li class=\"elementor-icon-list-item elementor-inline-item\">\n\t\t\t\t\t\t\t\t\t\t\t<span class=\"elementor-icon-list-icon\">\n\t\t\t\t\t\t\t<i aria-hidden=\"true\" class=\"icon icon-right-arrow1\"><\/i>\t\t\t\t\t\t<\/span>\n\t\t\t\t\t\t\t\t\t\t<span class=\"elementor-icon-list-text\"><\/span>\n\t\t\t\t\t\t\t\t\t<\/li>\n\t\t\t\t\t\t<\/ul>\n\t\t\t\t<\/div>\n\t\t\t\t<\/div>\n\t\t\t\t\t<\/div>\n\t\t<\/div>\n\t\t\t\t<div class=\"elementor-column elementor-col-50 elementor-inner-column elementor-element elementor-element-c13c48c\" data-id=\"c13c48c\" data-element_type=\"column\">\n\t\t\t<div class=\"elementor-widget-wrap\">\n\t\t\t\t\t\t\t<\/div>\n\t\t<\/div>\n\t\t\t\t\t<\/div>\n\t\t<\/section>\n\t\t\t\t\t<\/div>\n\t\t<\/div>\n\t\t\t\t\t<\/div>\n\t\t<\/section>\n\t\t<div class=\"elementor-element elementor-element-8a15d94 e-flex e-con-boxed wpr-particle-no wpr-jarallax-no wpr-parallax-no wpr-sticky-section-no e-con e-parent\" data-id=\"8a15d94\" data-element_type=\"container\" data-settings=\"{&quot;background_background&quot;:&quot;classic&quot;}\">\n\t\t\t\t\t<div class=\"e-con-inner\">\n\t\t<div class=\"elementor-element elementor-element-2e36e36 e-con-full e-flex wpr-sticky-section-no e-con e-child\" data-id=\"2e36e36\" data-element_type=\"container\" data-settings=\"{&quot;background_background&quot;:&quot;classic&quot;}\">\n\t\t\t\t<div class=\"elementor-element elementor-element-def72cf elementor-widget elementor-widget-image\" data-id=\"def72cf\" data-element_type=\"widget\" data-widget_type=\"image.default\">\n\t\t\t\t<div class=\"elementor-widget-container\">\n\t\t\t<style>\/*! elementor - v3.23.0 - 05-08-2024 *\/\n.elementor-widget-image{text-align:center}.elementor-widget-image a{display:inline-block}.elementor-widget-image a img[src$=\".svg\"]{width:48px}.elementor-widget-image img{vertical-align:middle;display:inline-block}<\/style>\t\t\t\t\t\t\t\t\t\t<img fetchpriority=\"high\" decoding=\"async\" width=\"2000\" height=\"2000\" src=\"https:\/\/endustriyel.com\/wp-content\/uploads\/2024\/04\/Adsiz-tasarim-16-1.jpg\" class=\"attachment-full size-full wp-image-7039\" alt=\"\" srcset=\"https:\/\/endustriyel.com\/wp-content\/uploads\/2024\/04\/Adsiz-tasarim-16-1.jpg 2000w, https:\/\/endustriyel.com\/wp-content\/uploads\/2024\/04\/Adsiz-tasarim-16-1-300x300.jpg 300w, https:\/\/endustriyel.com\/wp-content\/uploads\/2024\/04\/Adsiz-tasarim-16-1-1024x1024.jpg 1024w, https:\/\/endustriyel.com\/wp-content\/uploads\/2024\/04\/Adsiz-tasarim-16-1-150x150.jpg 150w, https:\/\/endustriyel.com\/wp-content\/uploads\/2024\/04\/Adsiz-tasarim-16-1-768x768.jpg 768w, https:\/\/endustriyel.com\/wp-content\/uploads\/2024\/04\/Adsiz-tasarim-16-1-1536x1536.jpg 1536w, https:\/\/endustriyel.com\/wp-content\/uploads\/2024\/04\/Adsiz-tasarim-16-1-600x600.jpg 600w, https:\/\/endustriyel.com\/wp-content\/uploads\/2024\/04\/Adsiz-tasarim-16-1-100x100.jpg 100w\" sizes=\"(max-width: 2000px) 100vw, 2000px\" \/>\t\t\t\t\t\t\t\t\t\t\t\t\t<\/div>\n\t\t\t\t<\/div>\n\t\t\t\t<\/div>\n\t\t<div class=\"elementor-element elementor-element-04c3cbe e-flex e-con-boxed wpr-particle-no wpr-jarallax-no wpr-parallax-no wpr-sticky-section-no elementor-invisible e-con e-child\" data-id=\"04c3cbe\" data-element_type=\"container\" data-settings=\"{&quot;animation&quot;:&quot;fadeIn&quot;,&quot;background_background&quot;:&quot;classic&quot;}\">\n\t\t\t\t\t<div class=\"e-con-inner\">\n\t\t\t\t<div class=\"elementor-element elementor-element-ce778a2 elementor-widget elementor-widget-heading\" data-id=\"ce778a2\" data-element_type=\"widget\" data-widget_type=\"heading.default\">\n\t\t\t\t<div class=\"elementor-widget-container\">\n\t\t\t<style>\/*! elementor - v3.23.0 - 05-08-2024 *\/\n.elementor-heading-title{padding:0;margin:0;line-height:1}.elementor-widget-heading .elementor-heading-title[class*=elementor-size-]>a{color:inherit;font-size:inherit;line-height:inherit}.elementor-widget-heading .elementor-heading-title.elementor-size-small{font-size:15px}.elementor-widget-heading .elementor-heading-title.elementor-size-medium{font-size:19px}.elementor-widget-heading .elementor-heading-title.elementor-size-large{font-size:29px}.elementor-widget-heading .elementor-heading-title.elementor-size-xl{font-size:39px}.elementor-widget-heading .elementor-heading-title.elementor-size-xxl{font-size:59px}<\/style><h2 class=\"elementor-heading-title elementor-size-default\">END\u00dcSTR\u0130YEL ELEKTR\u0130K<\/h2>\t\t<\/div>\n\t\t\t\t<\/div>\n\t\t\t\t<div class=\"elementor-element elementor-element-1bdf43a elementor-widget elementor-widget-heading\" data-id=\"1bdf43a\" data-element_type=\"widget\" data-widget_type=\"heading.default\">\n\t\t\t\t<div class=\"elementor-widget-container\">\n\t\t\t<h2 class=\"elementor-heading-title elementor-size-default\">Projektabteilung<\/h2>\t\t<\/div>\n\t\t\t\t<\/div>\n\t\t\t\t<div class=\"elementor-element elementor-element-cfeafa3 elementor-widget elementor-widget-text-editor\" data-id=\"cfeafa3\" data-element_type=\"widget\" data-widget_type=\"text-editor.default\">\n\t\t\t\t<div class=\"elementor-widget-container\">\n\t\t\t<style>\/*! elementor - v3.23.0 - 05-08-2024 *\/\n.elementor-widget-text-editor.elementor-drop-cap-view-stacked .elementor-drop-cap{background-color:#69727d;color:#fff}.elementor-widget-text-editor.elementor-drop-cap-view-framed .elementor-drop-cap{color:#69727d;border:3px solid;background-color:transparent}.elementor-widget-text-editor:not(.elementor-drop-cap-view-default) .elementor-drop-cap{margin-top:8px}.elementor-widget-text-editor:not(.elementor-drop-cap-view-default) .elementor-drop-cap-letter{width:1em;height:1em}.elementor-widget-text-editor .elementor-drop-cap{float:left;text-align:center;line-height:1;font-size:50px}.elementor-widget-text-editor .elementor-drop-cap-letter{display:inline-block}<\/style>\t\t\t\t<p><strong>Pr\u00fcfung von Kundenanfragen<\/strong><\/p><p>Ziel von INDUSTRIAL ELECTRICITY ist es, sicherzustellen, dass die Anforderungen von Investoren oder Kunden im Einklang mit den heutigen Innovationen gestaltet werden, wobei die effizienteste und technologischste Ausr\u00fcstung zu den erschwinglichsten Preisen verwendet wird, die die Marktbedingungen bieten. W\u00e4hrend wir die Erwartungen unserer Kunden projizieren, verwenden wir erstklassige E-Plan-, See Electrical- und Autocad-Programme. Schalttafelzeichnungen, Lagepl\u00e4ne und R&amp;I-Diagramme werden mit dem Programm AutoCAD erstellt.<\/p>\t\t\t\t\t\t<\/div>\n\t\t\t\t<\/div>\n\t\t\t\t\t<\/div>\n\t\t\t\t<\/div>\n\t\t\t\t\t<\/div>\n\t\t\t\t<\/div>\n\t\t<div class=\"elementor-element elementor-element-e414a4b e-flex e-con-boxed wpr-particle-no wpr-jarallax-no wpr-parallax-no wpr-sticky-section-no e-con e-parent\" data-id=\"e414a4b\" data-element_type=\"container\" data-settings=\"{&quot;background_background&quot;:&quot;classic&quot;}\">\n\t\t\t\t\t<div class=\"e-con-inner\">\n\t\t<div class=\"elementor-element elementor-element-6ad823f e-con-full e-flex wpr-sticky-section-no e-con e-child\" data-id=\"6ad823f\" data-element_type=\"container\" data-settings=\"{&quot;background_background&quot;:&quot;classic&quot;}\">\n\t\t\t\t<div class=\"elementor-element elementor-element-768945f elementor-widget elementor-widget-heading\" data-id=\"768945f\" data-element_type=\"widget\" data-widget_type=\"heading.default\">\n\t\t\t\t<div class=\"elementor-widget-container\">\n\t\t\t<h2 class=\"elementor-heading-title elementor-size-default\">Mehr<\/h2>\t\t<\/div>\n\t\t\t\t<\/div>\n\t\t\t\t<div class=\"elementor-element elementor-element-a4621b7 elementor-widget elementor-widget-text-editor\" data-id=\"a4621b7\" data-element_type=\"widget\" data-widget_type=\"text-editor.default\">\n\t\t\t\t<div class=\"elementor-widget-container\">\n\t\t\t\t\t\t\t<p><strong>Projektierung des elektrischen Systems<\/strong><br \/>Es besteht aus einem Elektrodesignteam, das Stromverteilung, Automatisierung und Kompensation, SPS-Steuerung, MCC-Panels und Sammelschienensysteme gem\u00e4\u00df den technologischen Erwartungen gem\u00e4\u00df den Kundenw\u00fcnschen entwirft und Elektroprojekte im E-Plan vorbereitet.<\/p><p>Als eines der f\u00fchrenden Unternehmen der Branche sind wir weiterhin Vorreiter, sowohl bei der Einf\u00fchrung der sich weltweit entwickelnden Technologien in unserem Land als auch bei der Servicequalit\u00e4t, wie wir es bisher getan haben, wobei wir stets die Kundenzufriedenheit in den Vordergrund stellen, indem wir Service unter zeitgem\u00e4\u00dfen Bedingungen anbieten und internationale Normen.<\/p><p><strong>Beschriftung<\/strong><br \/>Die Kennzeichnung der Kabelverbindungen zwischen den Klemmen und den in den Schalttafeln verwendeten Ger\u00e4ten erleichtert die Anwendung und Kontrolle in Projektzeichnungen und gew\u00e4hrleistet die korrekte Identifizierung aller Materialien und Kabel.<\/p><p>Die Etiketten werden entsprechend den vorbereiteten Projekten mit einem Plotter erstellt. Kabeletiketten werden mit Kunststoffabdeckungen am Kabel befestigt, um zu verhindern, dass das Etikett vom Kabel f\u00e4llt. Bei Terminal-Tags erfolgt die Kennzeichnung je nach Terminal-Merkmale nach unterschiedlichen Standards.<\/p><p>Dank der in unserer Projektabteilung durchgef\u00fchrten Etikettierungsstudien; Es bietet ein hohes Ma\u00df an Projekteffizienz, indem es eine einfache Projektverfolgung und Fehlerbehebung erm\u00f6glicht.<\/p>\t\t\t\t\t\t<\/div>\n\t\t\t\t<\/div>\n\t\t\t\t<\/div>\n\t\t\t\t\t<\/div>\n\t\t\t\t<\/div>\n\t\t\t\t<\/div>\n\t\t","protected":false},"excerpt":{"rendered":"<p>Startseite END\u00dcSTR\u0130YEL ELEKTR\u0130K Projektabteilung Pr\u00fcfung von Kundenanfragen Ziel von INDUSTRIAL ELECTRICITY ist es, sicherzustellen, dass die Anforderungen von Investoren oder Kunden im Einklang mit den heutigen Innovationen gestaltet werden, wobei die effizienteste und technologischste Ausr\u00fcstung zu den erschwinglichsten Preisen verwendet wird, die die Marktbedingungen bieten. W\u00e4hrend wir die Erwartungen unserer Kunden projizieren, verwenden wir erstklassige E-Plan-, See Electrical- und Autocad-Programme. Schalttafelzeichnungen, Lagepl\u00e4ne und R&amp;I-Diagramme werden mit dem Programm AutoCAD erstellt. Mehr Projektierung des elektrischen SystemsEs besteht aus einem Elektrodesignteam, das Stromverteilung, Automatisierung und Kompensation, SPS-Steuerung, MCC-Panels und Sammelschienensysteme gem\u00e4\u00df den technologischen Erwartungen gem\u00e4\u00df den Kundenw\u00fcnschen entwirft und Elektroprojekte im E-Plan vorbereitet. Als eines der f\u00fchrenden Unternehmen der Branche sind wir weiterhin Vorreiter, sowohl bei der Einf\u00fchrung der sich weltweit entwickelnden Technologien in unserem Land als auch bei der Servicequalit\u00e4t, wie wir es bisher getan haben, wobei wir stets die Kundenzufriedenheit in den Vordergrund stellen, indem wir Service unter zeitgem\u00e4\u00dfen Bedingungen anbieten und internationale Normen. BeschriftungDie Kennzeichnung der Kabelverbindungen zwischen den Klemmen und den in den Schalttafeln verwendeten Ger\u00e4ten erleichtert die Anwendung und Kontrolle in Projektzeichnungen und gew\u00e4hrleistet die korrekte Identifizierung aller Materialien und Kabel. Die Etiketten werden entsprechend den vorbereiteten Projekten mit einem Plotter erstellt. Kabeletiketten werden mit Kunststoffabdeckungen am Kabel befestigt, um zu verhindern, dass das Etikett vom Kabel f\u00e4llt. Bei Terminal-Tags erfolgt die Kennzeichnung je nach Terminal-Merkmale nach unterschiedlichen Standards. Dank der in unserer Projektabteilung durchgef\u00fchrten Etikettierungsstudien; Es bietet ein hohes Ma\u00df an Projekteffizienz, indem es eine einfache Projektverfolgung und Fehlerbehebung erm\u00f6glicht.<\/p>\n","protected":false},"author":1,"featured_media":0,"parent":0,"menu_order":0,"comment_status":"closed","ping_status":"closed","template":"","meta":{"_acf_changed":false,"site-sidebar-layout":"no-sidebar","site-content-layout":"page-builder","ast-site-content-layout":"full-width-container","site-content-style":"default","site-sidebar-style":"default","ast-global-header-display":"","ast-banner-title-visibility":"","ast-main-header-display":"","ast-hfb-above-header-display":"","ast-hfb-below-header-display":"","ast-hfb-mobile-header-display":"","site-post-title":"disabled","ast-breadcrumbs-content":"","ast-featured-img":"disabled","footer-sml-layout":"","theme-transparent-header-meta":"default","adv-header-id-meta":"","stick-header-meta":"","header-above-stick-meta":"","header-main-stick-meta":"","header-below-stick-meta":"","astra-migrate-meta-layouts":"set","ast-page-background-enabled":"default","ast-page-background-meta":{"desktop":{"background-color":"var(--ast-global-color-4)","background-image":"","background-repeat":"repeat","background-position":"center center","background-size":"auto","background-attachment":"scroll","background-type":"","background-media":"","overlay-type":"","overlay-color":"","overlay-opacity":"","overlay-gradient":""},"tablet":{"background-color":"","background-image":"","background-repeat":"repeat","background-position":"center center","background-size":"auto","background-attachment":"scroll","background-type":"","background-media":"","overlay-type":"","overlay-color":"","overlay-opacity":"","overlay-gradient":""},"mobile":{"background-color":"","background-image":"","background-repeat":"repeat","background-position":"center center","background-size":"auto","background-attachment":"scroll","background-type":"","background-media":"","overlay-type":"","overlay-color":"","overlay-opacity":"","overlay-gradient":""}},"ast-content-background-meta":{"desktop":{"background-color":"var(--ast-global-color-5)","background-image":"","background-repeat":"repeat","background-position":"center center","background-size":"auto","background-attachment":"scroll","background-type":"","background-media":"","overlay-type":"","overlay-color":"","overlay-opacity":"","overlay-gradient":""},"tablet":{"background-color":"var(--ast-global-color-5)","background-image":"","background-repeat":"repeat","background-position":"center center","background-size":"auto","background-attachment":"scroll","background-type":"","background-media":"","overlay-type":"","overlay-color":"","overlay-opacity":"","overlay-gradient":""},"mobile":{"background-color":"var(--ast-global-color-5)","background-image":"","background-repeat":"repeat","background-position":"center center","background-size":"auto","background-attachment":"scroll","background-type":"","background-media":"","overlay-type":"","overlay-color":"","overlay-opacity":"","overlay-gradient":""}},"footnotes":""},"class_list":["post-9777","page","type-page","status-publish","hentry"],"acf":[],"_links":{"self":[{"href":"https:\/\/endustriyel.com\/de\/wp-json\/wp\/v2\/pages\/9777","targetHints":{"allow":["GET"]}}],"collection":[{"href":"https:\/\/endustriyel.com\/de\/wp-json\/wp\/v2\/pages"}],"about":[{"href":"https:\/\/endustriyel.com\/de\/wp-json\/wp\/v2\/types\/page"}],"author":[{"embeddable":true,"href":"https:\/\/endustriyel.com\/de\/wp-json\/wp\/v2\/users\/1"}],"replies":[{"embeddable":true,"href":"https:\/\/endustriyel.com\/de\/wp-json\/wp\/v2\/comments?post=9777"}],"version-history":[{"count":0,"href":"https:\/\/endustriyel.com\/de\/wp-json\/wp\/v2\/pages\/9777\/revisions"}],"wp:attachment":[{"href":"https:\/\/endustriyel.com\/de\/wp-json\/wp\/v2\/media?parent=9777"}],"curies":[{"name":"wp","href":"https:\/\/api.w.org\/{rel}","templated":true}]}}