{"id":9725,"date":"2024-04-29T17:04:41","date_gmt":"2024-04-29T14:04:41","guid":{"rendered":"https:\/\/endustriyel.com\/saha-montaj-departmani\/"},"modified":"2024-05-16T18:31:30","modified_gmt":"2024-05-16T15:31:30","slug":"aussendienst-und-montageabteilung","status":"publish","type":"page","link":"https:\/\/endustriyel.com\/de\/aussendienst-und-montageabteilung\/","title":{"rendered":"Au\u00dfendienst- und Montageabteilung"},"content":{"rendered":"\t\t<div data-elementor-type=\"wp-page\" data-elementor-id=\"9725\" class=\"elementor elementor-9725 elementor-6976\" data-elementor-post-type=\"page\">\n\t\t\t\t\t\t<section class=\"elementor-section elementor-top-section elementor-element elementor-element-5125248 elementor-section-full_width elementor-section-stretched elementor-section-height-default elementor-section-height-default wpr-particle-no wpr-jarallax-no wpr-parallax-no wpr-sticky-section-no\" data-id=\"5125248\" data-element_type=\"section\" data-settings=\"{&quot;stretch_section&quot;:&quot;section-stretched&quot;,&quot;background_background&quot;:&quot;classic&quot;,&quot;shape_divider_bottom&quot;:&quot;opacity-tilt&quot;}\">\n\t\t\t\t\t\t\t<div class=\"elementor-background-overlay\"><\/div>\n\t\t\t\t\t\t<div class=\"elementor-shape elementor-shape-bottom\" data-negative=\"false\">\n\t\t\t<svg xmlns=\"http:\/\/www.w3.org\/2000\/svg\" viewBox=\"0 0 2600 131.1\" preserveAspectRatio=\"none\">\n\t<path class=\"elementor-shape-fill\" d=\"M0 0L2600 0 2600 69.1 0 0z\"\/>\n\t<path class=\"elementor-shape-fill\" style=\"opacity:0.5\" d=\"M0 0L2600 0 2600 69.1 0 69.1z\"\/>\n\t<path class=\"elementor-shape-fill\" style=\"opacity:0.25\" d=\"M2600 0L0 0 0 130.1 2600 69.1z\"\/>\n<\/svg>\t\t<\/div>\n\t\t\t\t\t<div class=\"elementor-container elementor-column-gap-no\">\n\t\t\t\t\t<div class=\"elementor-column elementor-col-100 elementor-top-column elementor-element elementor-element-426dfdd\" data-id=\"426dfdd\" data-element_type=\"column\">\n\t\t\t<div class=\"elementor-widget-wrap elementor-element-populated\">\n\t\t\t\t\t\t<section class=\"elementor-section elementor-inner-section elementor-element elementor-element-1f29ea1 elementor-section-boxed elementor-section-height-default elementor-section-height-default wpr-particle-no wpr-jarallax-no wpr-parallax-no wpr-sticky-section-no\" data-id=\"1f29ea1\" data-element_type=\"section\">\n\t\t\t\t\t\t<div class=\"elementor-container elementor-column-gap-default\">\n\t\t\t\t\t<div class=\"elementor-column elementor-col-50 elementor-inner-column elementor-element elementor-element-401dda3\" data-id=\"401dda3\" data-element_type=\"column\">\n\t\t\t<div class=\"elementor-widget-wrap elementor-element-populated\">\n\t\t\t\t\t\t<div class=\"elementor-element elementor-element-e4d80aa elementor-icon-list--layout-inline elementor-list-item-link-full_width elementor-widget elementor-widget-icon-list\" data-id=\"e4d80aa\" data-element_type=\"widget\" data-widget_type=\"icon-list.default\">\n\t\t\t\t<div class=\"elementor-widget-container\">\n\t\t\t<link rel=\"stylesheet\" href=\"https:\/\/endustriyel.com\/wp-content\/uploads\/elementor\/css\/custom-widget-icon-list.min.css?ver=1730881101\">\t\t<ul class=\"elementor-icon-list-items elementor-inline-items\">\n\t\t\t\t\t\t\t<li class=\"elementor-icon-list-item elementor-inline-item\">\n\t\t\t\t\t\t\t\t\t\t\t<a href=\"https:\/\/endustriyel.com\/de\/\">\n\n\t\t\t\t\t\t\t\t\t\t\t\t<span class=\"elementor-icon-list-icon\">\n\t\t\t\t\t\t\t<i aria-hidden=\"true\" class=\"icon icon-home1\"><\/i>\t\t\t\t\t\t<\/span>\n\t\t\t\t\t\t\t\t\t\t<span class=\"elementor-icon-list-text\">Startseite<\/span>\n\t\t\t\t\t\t\t\t\t\t\t<\/a>\n\t\t\t\t\t\t\t\t\t<\/li>\n\t\t\t\t\t\t\t\t<li class=\"elementor-icon-list-item elementor-inline-item\">\n\t\t\t\t\t\t\t\t\t\t\t<span class=\"elementor-icon-list-icon\">\n\t\t\t\t\t\t\t<i aria-hidden=\"true\" class=\"icon icon-right-arrow1\"><\/i>\t\t\t\t\t\t<\/span>\n\t\t\t\t\t\t\t\t\t\t<span class=\"elementor-icon-list-text\"><\/span>\n\t\t\t\t\t\t\t\t\t<\/li>\n\t\t\t\t\t\t<\/ul>\n\t\t\t\t<\/div>\n\t\t\t\t<\/div>\n\t\t\t\t\t<\/div>\n\t\t<\/div>\n\t\t\t\t<div class=\"elementor-column elementor-col-50 elementor-inner-column elementor-element elementor-element-100dca0\" data-id=\"100dca0\" data-element_type=\"column\">\n\t\t\t<div class=\"elementor-widget-wrap\">\n\t\t\t\t\t\t\t<\/div>\n\t\t<\/div>\n\t\t\t\t\t<\/div>\n\t\t<\/section>\n\t\t\t\t\t<\/div>\n\t\t<\/div>\n\t\t\t\t\t<\/div>\n\t\t<\/section>\n\t\t<div class=\"elementor-element elementor-element-3a5899c e-flex e-con-boxed wpr-particle-no wpr-jarallax-no wpr-parallax-no wpr-sticky-section-no e-con e-parent\" data-id=\"3a5899c\" data-element_type=\"container\" data-settings=\"{&quot;background_background&quot;:&quot;classic&quot;}\">\n\t\t\t\t\t<div class=\"e-con-inner\">\n\t\t<div class=\"elementor-element elementor-element-c30018a e-con-full e-flex wpr-sticky-section-no e-con e-child\" data-id=\"c30018a\" data-element_type=\"container\" data-settings=\"{&quot;background_background&quot;:&quot;classic&quot;}\">\n\t\t\t\t<div class=\"elementor-element elementor-element-a4aa925 elementor-widget elementor-widget-image\" data-id=\"a4aa925\" data-element_type=\"widget\" data-widget_type=\"image.default\">\n\t\t\t\t<div class=\"elementor-widget-container\">\n\t\t\t<style>\/*! elementor - v3.23.0 - 05-08-2024 *\/\n.elementor-widget-image{text-align:center}.elementor-widget-image a{display:inline-block}.elementor-widget-image a img[src$=\".svg\"]{width:48px}.elementor-widget-image img{vertical-align:middle;display:inline-block}<\/style>\t\t\t\t\t\t\t\t\t\t<img fetchpriority=\"high\" decoding=\"async\" width=\"2000\" height=\"1300\" src=\"https:\/\/endustriyel.com\/wp-content\/uploads\/2024\/04\/Adsiz-tasarim-15-1.jpg\" class=\"attachment-full size-full wp-image-7009\" alt=\"\" srcset=\"https:\/\/endustriyel.com\/wp-content\/uploads\/2024\/04\/Adsiz-tasarim-15-1.jpg 2000w, https:\/\/endustriyel.com\/wp-content\/uploads\/2024\/04\/Adsiz-tasarim-15-1-300x195.jpg 300w, https:\/\/endustriyel.com\/wp-content\/uploads\/2024\/04\/Adsiz-tasarim-15-1-1024x666.jpg 1024w, https:\/\/endustriyel.com\/wp-content\/uploads\/2024\/04\/Adsiz-tasarim-15-1-768x499.jpg 768w, https:\/\/endustriyel.com\/wp-content\/uploads\/2024\/04\/Adsiz-tasarim-15-1-1536x998.jpg 1536w, https:\/\/endustriyel.com\/wp-content\/uploads\/2024\/04\/Adsiz-tasarim-15-1-600x390.jpg 600w\" sizes=\"(max-width: 2000px) 100vw, 2000px\" \/>\t\t\t\t\t\t\t\t\t\t\t\t\t<\/div>\n\t\t\t\t<\/div>\n\t\t\t\t<\/div>\n\t\t<div class=\"elementor-element elementor-element-ae6862a e-flex e-con-boxed wpr-particle-no wpr-jarallax-no wpr-parallax-no wpr-sticky-section-no elementor-invisible e-con e-child\" data-id=\"ae6862a\" data-element_type=\"container\" data-settings=\"{&quot;animation&quot;:&quot;fadeIn&quot;,&quot;background_background&quot;:&quot;classic&quot;}\">\n\t\t\t\t\t<div class=\"e-con-inner\">\n\t\t\t\t<div class=\"elementor-element elementor-element-f137273 elementor-widget elementor-widget-heading\" data-id=\"f137273\" data-element_type=\"widget\" data-widget_type=\"heading.default\">\n\t\t\t\t<div class=\"elementor-widget-container\">\n\t\t\t<style>\/*! elementor - v3.23.0 - 05-08-2024 *\/\n.elementor-heading-title{padding:0;margin:0;line-height:1}.elementor-widget-heading .elementor-heading-title[class*=elementor-size-]>a{color:inherit;font-size:inherit;line-height:inherit}.elementor-widget-heading .elementor-heading-title.elementor-size-small{font-size:15px}.elementor-widget-heading .elementor-heading-title.elementor-size-medium{font-size:19px}.elementor-widget-heading .elementor-heading-title.elementor-size-large{font-size:29px}.elementor-widget-heading .elementor-heading-title.elementor-size-xl{font-size:39px}.elementor-widget-heading .elementor-heading-title.elementor-size-xxl{font-size:59px}<\/style><h2 class=\"elementor-heading-title elementor-size-default\">END\u00dcSTR\u0130YEL ELEKTR\u0130K<\/h2>\t\t<\/div>\n\t\t\t\t<\/div>\n\t\t\t\t<div class=\"elementor-element elementor-element-f5007b5 elementor-widget elementor-widget-heading\" data-id=\"f5007b5\" data-element_type=\"widget\" data-widget_type=\"heading.default\">\n\t\t\t\t<div class=\"elementor-widget-container\">\n\t\t\t<h2 class=\"elementor-heading-title elementor-size-default\">Au\u00dfendienst- und Montageabteilung<\/h2>\t\t<\/div>\n\t\t\t\t<\/div>\n\t\t\t\t<div class=\"elementor-element elementor-element-b7fd396 elementor-widget elementor-widget-text-editor\" data-id=\"b7fd396\" data-element_type=\"widget\" data-widget_type=\"text-editor.default\">\n\t\t\t\t<div class=\"elementor-widget-container\">\n\t\t\t<style>\/*! elementor - v3.23.0 - 05-08-2024 *\/\n.elementor-widget-text-editor.elementor-drop-cap-view-stacked .elementor-drop-cap{background-color:#69727d;color:#fff}.elementor-widget-text-editor.elementor-drop-cap-view-framed .elementor-drop-cap{color:#69727d;border:3px solid;background-color:transparent}.elementor-widget-text-editor:not(.elementor-drop-cap-view-default) .elementor-drop-cap{margin-top:8px}.elementor-widget-text-editor:not(.elementor-drop-cap-view-default) .elementor-drop-cap-letter{width:1em;height:1em}.elementor-widget-text-editor .elementor-drop-cap{float:left;text-align:center;line-height:1;font-size:50px}.elementor-widget-text-editor .elementor-drop-cap-letter{display:inline-block}<\/style>\t\t\t\t<p>Nachdem die W\u00fcnsche unserer Kunden projektiert wurden, beginnt die Fertigung dieser W\u00fcnsche in unserem Werk und die Fertigung wird am Ende des geplanten Zeitraums abgeschlossen. Nach Abschluss der Fertigung werden Qualit\u00e4tskontrollen an allen Maschinen, Ger\u00e4ten und Installationslisten durchgef\u00fchrt, die an den Montagebereich geschickt und montiert werden. Eventuelle M\u00e4ngel werden beseitigt und die Projekte bleiben in den Taschen der Maschinen. Die Produkte werden nach Qualit\u00e4tspr\u00fcfungen verpackt und etikettiert. Der Zweck der Kennzeichnung besteht darin, sicherzustellen, dass die Produkte bei der Montage vor Ort gem\u00e4\u00df der Montagereihenfolge verwendet werden. Andernfalls soll verhindert werden, dass Produkte im Montagebereich fehlen, unvollst\u00e4ndig ankommen oder verwechselt werden, was die ordnungsgem\u00e4\u00dfe Durchf\u00fchrung der Installation verhindern w\u00fcrde.<\/p>\t\t\t\t\t\t<\/div>\n\t\t\t\t<\/div>\n\t\t\t\t\t<\/div>\n\t\t\t\t<\/div>\n\t\t\t\t\t<\/div>\n\t\t\t\t<\/div>\n\t\t<div class=\"elementor-element elementor-element-5c1281f e-flex e-con-boxed wpr-particle-no wpr-jarallax-no wpr-parallax-no wpr-sticky-section-no e-con e-parent\" data-id=\"5c1281f\" data-element_type=\"container\" data-settings=\"{&quot;background_background&quot;:&quot;classic&quot;}\">\n\t\t\t\t\t<div class=\"e-con-inner\">\n\t\t<div class=\"elementor-element elementor-element-dcf4c83 e-con-full e-flex wpr-sticky-section-no e-con e-child\" data-id=\"dcf4c83\" data-element_type=\"container\" data-settings=\"{&quot;background_background&quot;:&quot;classic&quot;}\">\n\t\t\t\t<div class=\"elementor-element elementor-element-c0f2a23 elementor-widget elementor-widget-heading\" data-id=\"c0f2a23\" data-element_type=\"widget\" data-widget_type=\"heading.default\">\n\t\t\t\t<div class=\"elementor-widget-container\">\n\t\t\t<h2 class=\"elementor-heading-title elementor-size-default\">Mehr<\/h2>\t\t<\/div>\n\t\t\t\t<\/div>\n\t\t\t\t<div class=\"elementor-element elementor-element-ee0362e elementor-widget elementor-widget-text-editor\" data-id=\"ee0362e\" data-element_type=\"widget\" data-widget_type=\"text-editor.default\">\n\t\t\t\t<div class=\"elementor-widget-container\">\n\t\t\t\t\t\t\t<p>Die so vorbereiteten Materialien werden zur Montagestelle transportiert. Dann wird das Montageteam geplant. F\u00fcr die auszuf\u00fchrende Aufgabe wird das am besten geeignete und erfahrene Fachpersonal eingesetzt. Von unserem Kunden erhalten wir eine Best\u00e4tigung \u00fcber den Stand der f\u00fcr die Installation erforderlichen Infrastrukturqualifikationen und wenn keine M\u00e4ngel vorliegen, wird mit den Installationsarbeiten begonnen. Die am Montageort eintreffenden Maschinen-, Ger\u00e4te- und Anlagenlisten werden gepr\u00fcft und auf etwaige M\u00e4ngel \u00fcberpr\u00fcft. Eine gute Montagequalit\u00e4t ist einer der wichtigsten Faktoren, die sich direkt auf die Systemlebensdauer und die Systemleistung auswirken. Aus diesem Grund wird dem Montagebereich das erfahrenste technische Personal zugewiesen. Die Feldmontage wird nach Ablaufdiagramm und unter Ber\u00fccksichtigung und Erf\u00fcllung der Kundenerwartungen eingeleitet. Bei jedem Schritt wird die Baugruppe getestet und die Konformit\u00e4tsgenehmigung eingeholt. W\u00e4hrend die Installationsarbeiten Schritt f\u00fcr Schritt weitergehen, wird auch das technische Personal unseres Kunden zu diesem Thema geschult. Es werden Informationen zum \u00d6ffnen und Schlie\u00dfen des Systems, seiner Verwendung, Arbeitsweise, Fehlersuche und -behebung sowie zur manuellen Bedienung gegeben. Durch den einw\u00f6chigen Betrieb des Systems werden bereits in der Projektphase eventuelle Abweichungen erkannt und diese M\u00e4ngel behoben. Liegt kein Problem vor, wird ein Bericht erstellt und zusammen mit den von uns durchgef\u00fchrten Arbeiten und den ersten erfassten Daten an den Kunden \u00fcbermittelt. END\u00dcSTR\u0130YEL plant, Verluste bei der Feldinstallation durch genaue Feldanalyse, korrekte Planung, Verwendung hochwertiger Produkte und sorgf\u00e4ltige Montagearbeit zu minimieren und so die Erwartungen unserer Kunden an die Anlage \u00fcber viele Jahre hinweg problemlos zu erf\u00fcllen.<\/p>\t\t\t\t\t\t<\/div>\n\t\t\t\t<\/div>\n\t\t\t\t<\/div>\n\t\t\t\t\t<\/div>\n\t\t\t\t<\/div>\n\t\t\t\t<\/div>\n\t\t","protected":false},"excerpt":{"rendered":"<p>Startseite END\u00dcSTR\u0130YEL ELEKTR\u0130K Au\u00dfendienst- und Montageabteilung Nachdem die W\u00fcnsche unserer Kunden projektiert wurden, beginnt die Fertigung dieser W\u00fcnsche in unserem Werk und die Fertigung wird am Ende des geplanten Zeitraums abgeschlossen. Nach Abschluss der Fertigung werden Qualit\u00e4tskontrollen an allen Maschinen, Ger\u00e4ten und Installationslisten durchgef\u00fchrt, die an den Montagebereich geschickt und montiert werden. Eventuelle M\u00e4ngel werden beseitigt und die Projekte bleiben in den Taschen der Maschinen. Die Produkte werden nach Qualit\u00e4tspr\u00fcfungen verpackt und etikettiert. Der Zweck der Kennzeichnung besteht darin, sicherzustellen, dass die Produkte bei der Montage vor Ort gem\u00e4\u00df der Montagereihenfolge verwendet werden. Andernfalls soll verhindert werden, dass Produkte im Montagebereich fehlen, unvollst\u00e4ndig ankommen oder verwechselt werden, was die ordnungsgem\u00e4\u00dfe Durchf\u00fchrung der Installation verhindern w\u00fcrde. Mehr Die so vorbereiteten Materialien werden zur Montagestelle transportiert. Dann wird das Montageteam geplant. F\u00fcr die auszuf\u00fchrende Aufgabe wird das am besten geeignete und erfahrene Fachpersonal eingesetzt. Von unserem Kunden erhalten wir eine Best\u00e4tigung \u00fcber den Stand der f\u00fcr die Installation erforderlichen Infrastrukturqualifikationen und wenn keine M\u00e4ngel vorliegen, wird mit den Installationsarbeiten begonnen. Die am Montageort eintreffenden Maschinen-, Ger\u00e4te- und Anlagenlisten werden gepr\u00fcft und auf etwaige M\u00e4ngel \u00fcberpr\u00fcft. Eine gute Montagequalit\u00e4t ist einer der wichtigsten Faktoren, die sich direkt auf die Systemlebensdauer und die Systemleistung auswirken. Aus diesem Grund wird dem Montagebereich das erfahrenste technische Personal zugewiesen. Die Feldmontage wird nach Ablaufdiagramm und unter Ber\u00fccksichtigung und Erf\u00fcllung der Kundenerwartungen eingeleitet. Bei jedem Schritt wird die Baugruppe getestet und die Konformit\u00e4tsgenehmigung eingeholt. W\u00e4hrend die Installationsarbeiten Schritt f\u00fcr Schritt weitergehen, wird auch das technische Personal unseres Kunden zu diesem Thema geschult. Es werden Informationen zum \u00d6ffnen und Schlie\u00dfen des Systems, seiner Verwendung, Arbeitsweise, Fehlersuche und -behebung sowie zur manuellen Bedienung gegeben. Durch den einw\u00f6chigen Betrieb des Systems werden bereits in der Projektphase eventuelle Abweichungen erkannt und diese M\u00e4ngel behoben. Liegt kein Problem vor, wird ein Bericht erstellt und zusammen mit den von uns durchgef\u00fchrten Arbeiten und den ersten erfassten Daten an den Kunden \u00fcbermittelt. END\u00dcSTR\u0130YEL plant, Verluste bei der Feldinstallation durch genaue Feldanalyse, korrekte Planung, Verwendung hochwertiger Produkte und sorgf\u00e4ltige Montagearbeit zu minimieren und so die Erwartungen unserer Kunden an die Anlage \u00fcber viele Jahre hinweg problemlos zu erf\u00fcllen.<\/p>\n","protected":false},"author":1,"featured_media":0,"parent":0,"menu_order":0,"comment_status":"closed","ping_status":"closed","template":"","meta":{"_acf_changed":false,"site-sidebar-layout":"no-sidebar","site-content-layout":"page-builder","ast-site-content-layout":"full-width-container","site-content-style":"default","site-sidebar-style":"default","ast-global-header-display":"","ast-banner-title-visibility":"","ast-main-header-display":"","ast-hfb-above-header-display":"","ast-hfb-below-header-display":"","ast-hfb-mobile-header-display":"","site-post-title":"disabled","ast-breadcrumbs-content":"","ast-featured-img":"disabled","footer-sml-layout":"","theme-transparent-header-meta":"default","adv-header-id-meta":"","stick-header-meta":"","header-above-stick-meta":"","header-main-stick-meta":"","header-below-stick-meta":"","astra-migrate-meta-layouts":"set","ast-page-background-enabled":"default","ast-page-background-meta":{"desktop":{"background-color":"var(--ast-global-color-4)","background-image":"","background-repeat":"repeat","background-position":"center center","background-size":"auto","background-attachment":"scroll","background-type":"","background-media":"","overlay-type":"","overlay-color":"","overlay-opacity":"","overlay-gradient":""},"tablet":{"background-color":"","background-image":"","background-repeat":"repeat","background-position":"center center","background-size":"auto","background-attachment":"scroll","background-type":"","background-media":"","overlay-type":"","overlay-color":"","overlay-opacity":"","overlay-gradient":""},"mobile":{"background-color":"","background-image":"","background-repeat":"repeat","background-position":"center center","background-size":"auto","background-attachment":"scroll","background-type":"","background-media":"","overlay-type":"","overlay-color":"","overlay-opacity":"","overlay-gradient":""}},"ast-content-background-meta":{"desktop":{"background-color":"var(--ast-global-color-5)","background-image":"","background-repeat":"repeat","background-position":"center center","background-size":"auto","background-attachment":"scroll","background-type":"","background-media":"","overlay-type":"","overlay-color":"","overlay-opacity":"","overlay-gradient":""},"tablet":{"background-color":"var(--ast-global-color-5)","background-image":"","background-repeat":"repeat","background-position":"center center","background-size":"auto","background-attachment":"scroll","background-type":"","background-media":"","overlay-type":"","overlay-color":"","overlay-opacity":"","overlay-gradient":""},"mobile":{"background-color":"var(--ast-global-color-5)","background-image":"","background-repeat":"repeat","background-position":"center center","background-size":"auto","background-attachment":"scroll","background-type":"","background-media":"","overlay-type":"","overlay-color":"","overlay-opacity":"","overlay-gradient":""}},"footnotes":""},"class_list":["post-9725","page","type-page","status-publish","hentry"],"acf":[],"_links":{"self":[{"href":"https:\/\/endustriyel.com\/de\/wp-json\/wp\/v2\/pages\/9725","targetHints":{"allow":["GET"]}}],"collection":[{"href":"https:\/\/endustriyel.com\/de\/wp-json\/wp\/v2\/pages"}],"about":[{"href":"https:\/\/endustriyel.com\/de\/wp-json\/wp\/v2\/types\/page"}],"author":[{"embeddable":true,"href":"https:\/\/endustriyel.com\/de\/wp-json\/wp\/v2\/users\/1"}],"replies":[{"embeddable":true,"href":"https:\/\/endustriyel.com\/de\/wp-json\/wp\/v2\/comments?post=9725"}],"version-history":[{"count":0,"href":"https:\/\/endustriyel.com\/de\/wp-json\/wp\/v2\/pages\/9725\/revisions"}],"wp:attachment":[{"href":"https:\/\/endustriyel.com\/de\/wp-json\/wp\/v2\/media?parent=9725"}],"curies":[{"name":"wp","href":"https:\/\/api.w.org\/{rel}","templated":true}]}}