{"id":11480,"date":"2024-05-23T14:43:31","date_gmt":"2024-05-23T11:43:31","guid":{"rendered":"https:\/\/endustriyel.com\/randiman-indikatoru-nasil-kalibrasyon-edilir-ee-w1-02\/"},"modified":"2024-05-26T23:14:14","modified_gmt":"2024-05-26T20:14:14","slug":"wie-kalibriere-ich-den-ertragsindikator-ee-w1-02","status":"publish","type":"page","link":"https:\/\/endustriyel.com\/de\/wie-kalibriere-ich-den-ertragsindikator-ee-w1-02\/","title":{"rendered":"Wie kalibriere ich den Ertragsindikator? EE-W1-02"},"content":{"rendered":"\t\t<div data-elementor-type=\"wp-page\" data-elementor-id=\"11480\" class=\"elementor elementor-11480 elementor-11259\" data-elementor-post-type=\"page\">\n\t\t\t\t\t\t<section class=\"elementor-section elementor-top-section elementor-element elementor-element-d8067d3 elementor-section-full_width elementor-section-stretched elementor-section-height-default elementor-section-height-default wpr-particle-no wpr-jarallax-no wpr-parallax-no wpr-sticky-section-no\" data-id=\"d8067d3\" data-element_type=\"section\" data-settings=\"{&quot;stretch_section&quot;:&quot;section-stretched&quot;,&quot;background_background&quot;:&quot;classic&quot;,&quot;shape_divider_bottom&quot;:&quot;opacity-tilt&quot;}\">\n\t\t\t\t\t\t\t<div class=\"elementor-background-overlay\"><\/div>\n\t\t\t\t\t\t<div class=\"elementor-shape elementor-shape-bottom\" data-negative=\"false\">\n\t\t\t<svg xmlns=\"http:\/\/www.w3.org\/2000\/svg\" viewBox=\"0 0 2600 131.1\" preserveAspectRatio=\"none\">\n\t<path class=\"elementor-shape-fill\" d=\"M0 0L2600 0 2600 69.1 0 0z\"\/>\n\t<path class=\"elementor-shape-fill\" style=\"opacity:0.5\" d=\"M0 0L2600 0 2600 69.1 0 69.1z\"\/>\n\t<path class=\"elementor-shape-fill\" style=\"opacity:0.25\" d=\"M2600 0L0 0 0 130.1 2600 69.1z\"\/>\n<\/svg>\t\t<\/div>\n\t\t\t\t\t<div class=\"elementor-container elementor-column-gap-no\">\n\t\t\t\t\t<div class=\"elementor-column elementor-col-100 elementor-top-column elementor-element elementor-element-94082a7\" data-id=\"94082a7\" data-element_type=\"column\">\n\t\t\t<div class=\"elementor-widget-wrap elementor-element-populated\">\n\t\t\t\t\t\t<section class=\"elementor-section elementor-inner-section elementor-element elementor-element-c555011 elementor-section-boxed elementor-section-height-default elementor-section-height-default wpr-particle-no wpr-jarallax-no wpr-parallax-no wpr-sticky-section-no\" data-id=\"c555011\" data-element_type=\"section\">\n\t\t\t\t\t\t<div class=\"elementor-container elementor-column-gap-default\">\n\t\t\t\t\t<div class=\"elementor-column elementor-col-50 elementor-inner-column elementor-element elementor-element-6c042a7\" data-id=\"6c042a7\" data-element_type=\"column\">\n\t\t\t<div class=\"elementor-widget-wrap elementor-element-populated\">\n\t\t\t\t\t\t<div class=\"elementor-element elementor-element-6fd4158 elementor-icon-list--layout-inline elementor-list-item-link-full_width elementor-widget elementor-widget-icon-list\" data-id=\"6fd4158\" data-element_type=\"widget\" data-widget_type=\"icon-list.default\">\n\t\t\t\t<div class=\"elementor-widget-container\">\n\t\t\t<link rel=\"stylesheet\" href=\"https:\/\/endustriyel.com\/wp-content\/uploads\/elementor\/css\/custom-widget-icon-list.min.css?ver=1730881101\">\t\t<ul class=\"elementor-icon-list-items elementor-inline-items\">\n\t\t\t\t\t\t\t<li class=\"elementor-icon-list-item elementor-inline-item\">\n\t\t\t\t\t\t\t\t\t\t\t<a href=\"https:\/\/endustriyel.com\/de\/\">\n\n\t\t\t\t\t\t\t\t\t\t\t\t<span class=\"elementor-icon-list-icon\">\n\t\t\t\t\t\t\t<i aria-hidden=\"true\" class=\"icon icon-home1\"><\/i>\t\t\t\t\t\t<\/span>\n\t\t\t\t\t\t\t\t\t\t<span class=\"elementor-icon-list-text\">Startseite<\/span>\n\t\t\t\t\t\t\t\t\t\t\t<\/a>\n\t\t\t\t\t\t\t\t\t<\/li>\n\t\t\t\t\t\t\t\t<li class=\"elementor-icon-list-item elementor-inline-item\">\n\t\t\t\t\t\t\t\t\t\t\t<span class=\"elementor-icon-list-icon\">\n\t\t\t\t\t\t\t<i aria-hidden=\"true\" class=\"icon icon-right-arrow1\"><\/i>\t\t\t\t\t\t<\/span>\n\t\t\t\t\t\t\t\t\t\t<span class=\"elementor-icon-list-text\"><\/span>\n\t\t\t\t\t\t\t\t\t<\/li>\n\t\t\t\t\t\t<\/ul>\n\t\t\t\t<\/div>\n\t\t\t\t<\/div>\n\t\t\t\t\t<\/div>\n\t\t<\/div>\n\t\t\t\t<div class=\"elementor-column elementor-col-50 elementor-inner-column elementor-element elementor-element-39647e7\" data-id=\"39647e7\" data-element_type=\"column\">\n\t\t\t<div class=\"elementor-widget-wrap\">\n\t\t\t\t\t\t\t<\/div>\n\t\t<\/div>\n\t\t\t\t\t<\/div>\n\t\t<\/section>\n\t\t\t\t\t<\/div>\n\t\t<\/div>\n\t\t\t\t\t<\/div>\n\t\t<\/section>\n\t\t<div class=\"elementor-element elementor-element-f4cb8a1 e-flex e-con-boxed wpr-particle-no wpr-jarallax-no wpr-parallax-no wpr-sticky-section-no e-con e-parent\" data-id=\"f4cb8a1\" data-element_type=\"container\">\n\t\t\t\t\t<div class=\"e-con-inner\">\n\t\t<div class=\"elementor-element elementor-element-9efb38a e-con-full e-flex wpr-particle-no wpr-jarallax-no wpr-parallax-no wpr-sticky-section-no e-con e-child\" data-id=\"9efb38a\" data-element_type=\"container\">\n\t\t\t\t<div class=\"elementor-element elementor-element-d61aa17 elementor-widget elementor-widget-image\" data-id=\"d61aa17\" data-element_type=\"widget\" data-widget_type=\"image.default\">\n\t\t\t\t<div class=\"elementor-widget-container\">\n\t\t\t<style>\/*! elementor - v3.23.0 - 05-08-2024 *\/\n.elementor-widget-image{text-align:center}.elementor-widget-image a{display:inline-block}.elementor-widget-image a img[src$=\".svg\"]{width:48px}.elementor-widget-image img{vertical-align:middle;display:inline-block}<\/style>\t\t\t\t\t\t\t\t\t\t<img fetchpriority=\"high\" decoding=\"async\" width=\"950\" height=\"750\" src=\"https:\/\/endustriyel.com\/wp-content\/uploads\/2024\/04\/randiman.png\" class=\"attachment-full size-full wp-image-4501\" alt=\"\" srcset=\"https:\/\/endustriyel.com\/wp-content\/uploads\/2024\/04\/randiman.png 950w, https:\/\/endustriyel.com\/wp-content\/uploads\/2024\/04\/randiman-300x237.png 300w, https:\/\/endustriyel.com\/wp-content\/uploads\/2024\/04\/randiman-768x606.png 768w, https:\/\/endustriyel.com\/wp-content\/uploads\/2024\/04\/randiman-600x474.png 600w\" sizes=\"(max-width: 950px) 100vw, 950px\" \/>\t\t\t\t\t\t\t\t\t\t\t\t\t<\/div>\n\t\t\t\t<\/div>\n\t\t\t\t<\/div>\n\t\t<div class=\"elementor-element elementor-element-7a42e06 e-con-full e-flex wpr-particle-no wpr-jarallax-no wpr-parallax-no wpr-sticky-section-no e-con e-child\" data-id=\"7a42e06\" data-element_type=\"container\">\n\t\t\t\t<div class=\"elementor-element elementor-element-4a767bc elementor-widget elementor-widget-heading\" data-id=\"4a767bc\" data-element_type=\"widget\" data-widget_type=\"heading.default\">\n\t\t\t\t<div class=\"elementor-widget-container\">\n\t\t\t<style>\/*! elementor - v3.23.0 - 05-08-2024 *\/\n.elementor-heading-title{padding:0;margin:0;line-height:1}.elementor-widget-heading .elementor-heading-title[class*=elementor-size-]>a{color:inherit;font-size:inherit;line-height:inherit}.elementor-widget-heading .elementor-heading-title.elementor-size-small{font-size:15px}.elementor-widget-heading .elementor-heading-title.elementor-size-medium{font-size:19px}.elementor-widget-heading .elementor-heading-title.elementor-size-large{font-size:29px}.elementor-widget-heading .elementor-heading-title.elementor-size-xl{font-size:39px}.elementor-widget-heading .elementor-heading-title.elementor-size-xxl{font-size:59px}<\/style><h2 class=\"elementor-heading-title elementor-size-default\">H\u00e4ufig gestellte Fragen\n<\/h2>\t\t<\/div>\n\t\t\t\t<\/div>\n\t\t\t\t<div class=\"elementor-element elementor-element-eb4cd5b elementor-widget elementor-widget-theme-post-title elementor-page-title elementor-widget-heading\" data-id=\"eb4cd5b\" data-element_type=\"widget\" data-widget_type=\"theme-post-title.default\">\n\t\t\t\t<div class=\"elementor-widget-container\">\n\t\t\t<h1 class=\"elementor-heading-title elementor-size-default\">Wie kalibriere ich den Ertragsindikator? EE-W1-02<\/h1>\t\t<\/div>\n\t\t\t\t<\/div>\n\t\t\t\t<\/div>\n\t\t\t\t\t<\/div>\n\t\t\t\t<\/div>\n\t\t<div class=\"elementor-element elementor-element-6fc5719 e-flex e-con-boxed wpr-particle-no wpr-jarallax-no wpr-parallax-no wpr-sticky-section-no e-con e-parent\" data-id=\"6fc5719\" data-element_type=\"container\">\n\t\t\t\t\t<div class=\"e-con-inner\">\n\t\t\t\t<div class=\"elementor-element elementor-element-1e70567 elementor-widget elementor-widget-text-editor\" data-id=\"1e70567\" data-element_type=\"widget\" data-widget_type=\"text-editor.default\">\n\t\t\t\t<div class=\"elementor-widget-container\">\n\t\t\t<style>\/*! elementor - v3.23.0 - 05-08-2024 *\/\n.elementor-widget-text-editor.elementor-drop-cap-view-stacked .elementor-drop-cap{background-color:#69727d;color:#fff}.elementor-widget-text-editor.elementor-drop-cap-view-framed .elementor-drop-cap{color:#69727d;border:3px solid;background-color:transparent}.elementor-widget-text-editor:not(.elementor-drop-cap-view-default) .elementor-drop-cap{margin-top:8px}.elementor-widget-text-editor:not(.elementor-drop-cap-view-default) .elementor-drop-cap-letter{width:1em;height:1em}.elementor-widget-text-editor .elementor-drop-cap{float:left;text-align:center;line-height:1;font-size:50px}.elementor-widget-text-editor .elementor-drop-cap-letter{display:inline-block}<\/style>\t\t\t\t<p><b>KALIBRIERUNG<\/b><\/p>\n<p>Nach korrektem Anschluss des Ger\u00e4tes muss dieses korrekt kalibriert werden.<br>\nVerwenden Sie beim Kalibrieren des Ger\u00e4tes Kalibriergewichte, deren Genauigkeit gepr\u00fcft ist.<br>\nDurch die Verwendung werden Messfehler und Unsicherheiten vermieden. Kalibriergewicht<br>\nW\u00e4hlen Sie ein Gewicht, das ungef\u00e4hr der H\u00e4lfte des h\u00f6chsten zu messenden Gewichts entspricht.<br>\nDadurch wird sichergestellt, dass sich der Gesamtmessfehler ausbreitet und somit kleiner wird.<br>\nWenn das Kalibriergewicht \u00fcber die Kapazit\u00e4t der W\u00e4gezelle hinaus installiert wird, f\u00fchrt dies zu dauerhaften Sch\u00e4den an der W\u00e4gezelle.<br>\nDies kann zu Sch\u00e4den oder einer ernsthaften dauerhaften Signalverschlechterung f\u00fchren. In den Funktionen angegeben<br>\nWenn Anzahl und Ausstattung der W\u00e4gezellen nicht erf\u00fcllt sind, kann es zu Mess- oder Ger\u00e4tefehlern kommen.<br>\nes k\u00f6nnte sein.<br>\nNachdem alle Vorkehrungen getroffen wurden, rufen Sie das P0-Men\u00fc auf, bevor Sie mit der Kalibrierung beginnen.<br>\nAus dem Parameter muss das Kalibriergewicht in kg ermittelt werden. Das<br>\nDas Kalibrierungsergebnis wird entsprechend dem Parameter skaliert, sodass die korrekte Einstellung endg\u00fcltig ist.<br>\nEs ist \u00e4u\u00dferst wichtig.<br>\nDie Kalibrierung besteht aus zwei Stufen: Offset und Verst\u00e4rkung.<br>\nKalibrierung. Durch diese 2-stufige Kalibrierung wird der Messbereich ermittelt und linearisiert.<br>\nist notwendig zu tun. Schlupfkalibrierung bei minimalem Gewicht, d.h.<br>\nDies geschieht, wenn die W\u00e4gezelle leer ist. Nehmen Sie dazu die Last von der W\u00e4gezelle und<br>\nAchten Sie auf einen stabilen und m\u00f6glichst vibrationsfreien Stand. Sp\u00e4ter<br>\nStellen Sie im Men\u00fc den Parameter \u201eP8\u201c auf \u201e1\u201c. Wenn Sie die OK-Taste dr\u00fccken, wird der Bildschirm angezeigt<br>\nDer Text \u201eOFFSEt\u201c wird angezeigt. Wenn die Kalibrierung abgeschlossen ist, kehren Sie zum Men\u00fctitel \u201eP8\u201c zur\u00fcck.<br>\nwird zur\u00fcckkehren. Anschlie\u00dfend muss eine Verst\u00e4rkungskalibrierung durchgef\u00fchrt werden. Daf\u00fcr<br>\nDas Kalibriergewicht wird auf die W\u00e4gezelle geladen und sorgt f\u00fcr eine stabile und vibrationsfreie Umgebung.<br>\nwird gestellt. Anschlie\u00dfend wird der Parameter \u201eP9\u201c auf \u201e1\u201c gesetzt und die OK-Taste gedr\u00fcckt. Auf dem Bildschirm<br>\nDer Text \u201eGain\u201c erscheint. Wenn die Kalibrierung abgeschlossen ist, kehren Sie zum Men\u00fctitel \u201eP9\u201c zur\u00fcck.<br>\nWenn die Kalibrierung korrekt durchgef\u00fchrt wurde, wird die Kalibrierung durchgef\u00fchrt<br>\nSein Gewicht wird im leeren Zustand mit 0 angezeigt. Wenn Sie keine genauen Ergebnisse erhalten, f\u00fchren Sie eine Kalibrierung durch<br>\nwiederholen. Wenn Sie immer noch nicht die richtigen Ergebnisse erhalten, \u00fcberpr\u00fcfen Sie die Links, Parameter usw.<br>\n\u00dcberpr\u00fcfen Sie das Kalibriergewicht, die W\u00e4gezelle und die Arbeitsumgebung<\/p>\t\t\t\t\t\t<\/div>\n\t\t\t\t<\/div>\n\t\t\t\t\t<\/div>\n\t\t\t\t<\/div>\n\t\t\t\t<\/div>\n\t\t","protected":false},"excerpt":{"rendered":"<p>Startseite H\u00e4ufig gestellte Fragen KALIBRIERUNG Nach korrektem Anschluss des Ger\u00e4tes muss dieses korrekt kalibriert werden. Verwenden Sie beim Kalibrieren des Ger\u00e4tes Kalibriergewichte, deren Genauigkeit gepr\u00fcft ist. Durch die Verwendung werden Messfehler und Unsicherheiten vermieden. Kalibriergewicht W\u00e4hlen Sie ein Gewicht, das ungef\u00e4hr der H\u00e4lfte des h\u00f6chsten zu messenden Gewichts entspricht. Dadurch wird sichergestellt, dass sich der Gesamtmessfehler ausbreitet und somit kleiner wird. Wenn das Kalibriergewicht \u00fcber die Kapazit\u00e4t der W\u00e4gezelle hinaus installiert wird, f\u00fchrt dies zu dauerhaften Sch\u00e4den an der W\u00e4gezelle. Dies kann zu Sch\u00e4den oder einer ernsthaften dauerhaften Signalverschlechterung f\u00fchren. In den Funktionen angegeben Wenn Anzahl und Ausstattung der W\u00e4gezellen nicht erf\u00fcllt sind, kann es zu Mess- oder Ger\u00e4tefehlern kommen. es k\u00f6nnte sein. Nachdem alle Vorkehrungen getroffen wurden, rufen Sie das P0-Men\u00fc auf, bevor Sie mit der Kalibrierung beginnen. Aus dem Parameter muss das Kalibriergewicht in kg ermittelt werden. Das Das Kalibrierungsergebnis wird entsprechend dem Parameter skaliert, sodass die korrekte Einstellung endg\u00fcltig ist. Es ist \u00e4u\u00dferst wichtig. Die Kalibrierung besteht aus zwei Stufen: Offset und Verst\u00e4rkung. Kalibrierung. Durch diese 2-stufige Kalibrierung wird der Messbereich ermittelt und linearisiert. ist notwendig zu tun. Schlupfkalibrierung bei minimalem Gewicht, d.h. Dies geschieht, wenn die W\u00e4gezelle leer ist. Nehmen Sie dazu die Last von der W\u00e4gezelle und Achten Sie auf einen stabilen und m\u00f6glichst vibrationsfreien Stand. Sp\u00e4ter Stellen Sie im Men\u00fc den Parameter \u201eP8\u201c auf \u201e1\u201c. Wenn Sie die OK-Taste dr\u00fccken, wird der Bildschirm angezeigt Der Text \u201eOFFSEt\u201c wird angezeigt. Wenn die Kalibrierung abgeschlossen ist, kehren Sie zum Men\u00fctitel \u201eP8\u201c zur\u00fcck. wird zur\u00fcckkehren. Anschlie\u00dfend muss eine Verst\u00e4rkungskalibrierung durchgef\u00fchrt werden. Daf\u00fcr Das Kalibriergewicht wird auf die W\u00e4gezelle geladen und sorgt f\u00fcr eine stabile und vibrationsfreie Umgebung. wird gestellt. Anschlie\u00dfend wird der Parameter \u201eP9\u201c auf \u201e1\u201c gesetzt und die OK-Taste gedr\u00fcckt. Auf dem Bildschirm Der Text \u201eGain\u201c erscheint. Wenn die Kalibrierung abgeschlossen ist, kehren Sie zum Men\u00fctitel \u201eP9\u201c zur\u00fcck. Wenn die Kalibrierung korrekt durchgef\u00fchrt wurde, wird die Kalibrierung durchgef\u00fchrt Sein Gewicht wird im leeren Zustand mit 0 angezeigt. Wenn Sie keine genauen Ergebnisse erhalten, f\u00fchren Sie eine Kalibrierung durch wiederholen. Wenn Sie immer noch nicht die richtigen Ergebnisse erhalten, \u00fcberpr\u00fcfen Sie die Links, Parameter usw. \u00dcberpr\u00fcfen Sie das Kalibriergewicht, die W\u00e4gezelle und die Arbeitsumgebung<\/p>\n","protected":false},"author":1,"featured_media":0,"parent":0,"menu_order":0,"comment_status":"closed","ping_status":"closed","template":"","meta":{"_acf_changed":false,"site-sidebar-layout":"no-sidebar","site-content-layout":"page-builder","ast-site-content-layout":"full-width-container","site-content-style":"default","site-sidebar-style":"default","ast-global-header-display":"","ast-banner-title-visibility":"","ast-main-header-display":"","ast-hfb-above-header-display":"","ast-hfb-below-header-display":"","ast-hfb-mobile-header-display":"","site-post-title":"disabled","ast-breadcrumbs-content":"","ast-featured-img":"disabled","footer-sml-layout":"","theme-transparent-header-meta":"default","adv-header-id-meta":"","stick-header-meta":"","header-above-stick-meta":"","header-main-stick-meta":"","header-below-stick-meta":"","astra-migrate-meta-layouts":"set","ast-page-background-enabled":"default","ast-page-background-meta":{"desktop":{"background-color":"var(--ast-global-color-4)","background-image":"","background-repeat":"repeat","background-position":"center center","background-size":"auto","background-attachment":"scroll","background-type":"","background-media":"","overlay-type":"","overlay-color":"","overlay-opacity":"","overlay-gradient":""},"tablet":{"background-color":"","background-image":"","background-repeat":"repeat","background-position":"center center","background-size":"auto","background-attachment":"scroll","background-type":"","background-media":"","overlay-type":"","overlay-color":"","overlay-opacity":"","overlay-gradient":""},"mobile":{"background-color":"","background-image":"","background-repeat":"repeat","background-position":"center center","background-size":"auto","background-attachment":"scroll","background-type":"","background-media":"","overlay-type":"","overlay-color":"","overlay-opacity":"","overlay-gradient":""}},"ast-content-background-meta":{"desktop":{"background-color":"var(--ast-global-color-5)","background-image":"","background-repeat":"repeat","background-position":"center center","background-size":"auto","background-attachment":"scroll","background-type":"","background-media":"","overlay-type":"","overlay-color":"","overlay-opacity":"","overlay-gradient":""},"tablet":{"background-color":"var(--ast-global-color-5)","background-image":"","background-repeat":"repeat","background-position":"center center","background-size":"auto","background-attachment":"scroll","background-type":"","background-media":"","overlay-type":"","overlay-color":"","overlay-opacity":"","overlay-gradient":""},"mobile":{"background-color":"var(--ast-global-color-5)","background-image":"","background-repeat":"repeat","background-position":"center center","background-size":"auto","background-attachment":"scroll","background-type":"","background-media":"","overlay-type":"","overlay-color":"","overlay-opacity":"","overlay-gradient":""}},"footnotes":""},"class_list":["post-11480","page","type-page","status-publish","hentry"],"acf":[],"_links":{"self":[{"href":"https:\/\/endustriyel.com\/de\/wp-json\/wp\/v2\/pages\/11480","targetHints":{"allow":["GET"]}}],"collection":[{"href":"https:\/\/endustriyel.com\/de\/wp-json\/wp\/v2\/pages"}],"about":[{"href":"https:\/\/endustriyel.com\/de\/wp-json\/wp\/v2\/types\/page"}],"author":[{"embeddable":true,"href":"https:\/\/endustriyel.com\/de\/wp-json\/wp\/v2\/users\/1"}],"replies":[{"embeddable":true,"href":"https:\/\/endustriyel.com\/de\/wp-json\/wp\/v2\/comments?post=11480"}],"version-history":[{"count":0,"href":"https:\/\/endustriyel.com\/de\/wp-json\/wp\/v2\/pages\/11480\/revisions"}],"wp:attachment":[{"href":"https:\/\/endustriyel.com\/de\/wp-json\/wp\/v2\/media?parent=11480"}],"curies":[{"name":"wp","href":"https:\/\/api.w.org\/{rel}","templated":true}]}}