{"id":11351,"date":"2024-05-23T14:18:52","date_gmt":"2024-05-23T11:18:52","guid":{"rendered":"https:\/\/endustriyel.com\/mavi-sensor-kalibrasyon-2\/"},"modified":"2024-05-25T12:51:33","modified_gmt":"2024-05-25T09:51:33","slug":"kalibrierung-des-blauen-sensors","status":"publish","type":"page","link":"https:\/\/endustriyel.com\/de\/kalibrierung-des-blauen-sensors\/","title":{"rendered":"KALIBRIERUNG DES BLAUEN SENSORS"},"content":{"rendered":"\t\t<div data-elementor-type=\"wp-page\" data-elementor-id=\"11351\" class=\"elementor elementor-11351 elementor-11231\" data-elementor-post-type=\"page\">\n\t\t\t\t\t\t<section class=\"elementor-section elementor-top-section elementor-element elementor-element-3f014ff elementor-section-full_width elementor-section-stretched elementor-section-height-default elementor-section-height-default wpr-particle-no wpr-jarallax-no wpr-parallax-no wpr-sticky-section-no\" data-id=\"3f014ff\" data-element_type=\"section\" data-settings=\"{&quot;stretch_section&quot;:&quot;section-stretched&quot;,&quot;background_background&quot;:&quot;classic&quot;,&quot;shape_divider_bottom&quot;:&quot;opacity-tilt&quot;}\">\n\t\t\t\t\t\t\t<div class=\"elementor-background-overlay\"><\/div>\n\t\t\t\t\t\t<div class=\"elementor-shape elementor-shape-bottom\" data-negative=\"false\">\n\t\t\t<svg xmlns=\"http:\/\/www.w3.org\/2000\/svg\" viewBox=\"0 0 2600 131.1\" preserveAspectRatio=\"none\">\n\t<path class=\"elementor-shape-fill\" d=\"M0 0L2600 0 2600 69.1 0 0z\"\/>\n\t<path class=\"elementor-shape-fill\" style=\"opacity:0.5\" d=\"M0 0L2600 0 2600 69.1 0 69.1z\"\/>\n\t<path class=\"elementor-shape-fill\" style=\"opacity:0.25\" d=\"M2600 0L0 0 0 130.1 2600 69.1z\"\/>\n<\/svg>\t\t<\/div>\n\t\t\t\t\t<div class=\"elementor-container elementor-column-gap-no\">\n\t\t\t\t\t<div class=\"elementor-column elementor-col-100 elementor-top-column elementor-element elementor-element-65172a7\" data-id=\"65172a7\" data-element_type=\"column\">\n\t\t\t<div class=\"elementor-widget-wrap elementor-element-populated\">\n\t\t\t\t\t\t<section class=\"elementor-section elementor-inner-section elementor-element elementor-element-7e72f64 elementor-section-boxed elementor-section-height-default elementor-section-height-default wpr-particle-no wpr-jarallax-no wpr-parallax-no wpr-sticky-section-no\" data-id=\"7e72f64\" data-element_type=\"section\">\n\t\t\t\t\t\t<div class=\"elementor-container elementor-column-gap-default\">\n\t\t\t\t\t<div class=\"elementor-column elementor-col-50 elementor-inner-column elementor-element elementor-element-3d71b64\" data-id=\"3d71b64\" data-element_type=\"column\">\n\t\t\t<div class=\"elementor-widget-wrap elementor-element-populated\">\n\t\t\t\t\t\t<div class=\"elementor-element elementor-element-25496cc elementor-icon-list--layout-inline elementor-list-item-link-full_width elementor-widget elementor-widget-icon-list\" data-id=\"25496cc\" data-element_type=\"widget\" data-widget_type=\"icon-list.default\">\n\t\t\t\t<div class=\"elementor-widget-container\">\n\t\t\t<link rel=\"stylesheet\" href=\"https:\/\/endustriyel.com\/wp-content\/uploads\/elementor\/css\/custom-widget-icon-list.min.css?ver=1730881101\">\t\t<ul class=\"elementor-icon-list-items elementor-inline-items\">\n\t\t\t\t\t\t\t<li class=\"elementor-icon-list-item elementor-inline-item\">\n\t\t\t\t\t\t\t\t\t\t\t<a href=\"https:\/\/endustriyel.com\/de\/\">\n\n\t\t\t\t\t\t\t\t\t\t\t\t<span class=\"elementor-icon-list-icon\">\n\t\t\t\t\t\t\t<i aria-hidden=\"true\" class=\"icon icon-home1\"><\/i>\t\t\t\t\t\t<\/span>\n\t\t\t\t\t\t\t\t\t\t<span class=\"elementor-icon-list-text\">Startseite<\/span>\n\t\t\t\t\t\t\t\t\t\t\t<\/a>\n\t\t\t\t\t\t\t\t\t<\/li>\n\t\t\t\t\t\t\t\t<li class=\"elementor-icon-list-item elementor-inline-item\">\n\t\t\t\t\t\t\t\t\t\t\t<span class=\"elementor-icon-list-icon\">\n\t\t\t\t\t\t\t<i aria-hidden=\"true\" class=\"icon icon-right-arrow1\"><\/i>\t\t\t\t\t\t<\/span>\n\t\t\t\t\t\t\t\t\t\t<span class=\"elementor-icon-list-text\"><\/span>\n\t\t\t\t\t\t\t\t\t<\/li>\n\t\t\t\t\t\t<\/ul>\n\t\t\t\t<\/div>\n\t\t\t\t<\/div>\n\t\t\t\t\t<\/div>\n\t\t<\/div>\n\t\t\t\t<div class=\"elementor-column elementor-col-50 elementor-inner-column elementor-element elementor-element-6054f4f\" data-id=\"6054f4f\" data-element_type=\"column\">\n\t\t\t<div class=\"elementor-widget-wrap\">\n\t\t\t\t\t\t\t<\/div>\n\t\t<\/div>\n\t\t\t\t\t<\/div>\n\t\t<\/section>\n\t\t\t\t\t<\/div>\n\t\t<\/div>\n\t\t\t\t\t<\/div>\n\t\t<\/section>\n\t\t<div class=\"elementor-element elementor-element-36a9f53 e-flex e-con-boxed wpr-particle-no wpr-jarallax-no wpr-parallax-no wpr-sticky-section-no e-con e-parent\" data-id=\"36a9f53\" data-element_type=\"container\">\n\t\t\t\t\t<div class=\"e-con-inner\">\n\t\t<div class=\"elementor-element elementor-element-7836032 e-con-full e-flex wpr-particle-no wpr-jarallax-no wpr-parallax-no wpr-sticky-section-no e-con e-child\" data-id=\"7836032\" data-element_type=\"container\">\n\t\t\t\t<div class=\"elementor-element elementor-element-e264506 elementor-widget elementor-widget-image\" data-id=\"e264506\" data-element_type=\"widget\" data-widget_type=\"image.default\">\n\t\t\t\t<div class=\"elementor-widget-container\">\n\t\t\t<style>\/*! elementor - v3.23.0 - 05-08-2024 *\/\n.elementor-widget-image{text-align:center}.elementor-widget-image a{display:inline-block}.elementor-widget-image a img[src$=\".svg\"]{width:48px}.elementor-widget-image img{vertical-align:middle;display:inline-block}<\/style>\t\t\t\t\t\t\t\t\t\t<img fetchpriority=\"high\" decoding=\"async\" width=\"950\" height=\"750\" src=\"https:\/\/endustriyel.com\/wp-content\/uploads\/2024\/04\/mavi-sensor.png\" class=\"attachment-full size-full wp-image-4522\" alt=\"\" srcset=\"https:\/\/endustriyel.com\/wp-content\/uploads\/2024\/04\/mavi-sensor.png 950w, https:\/\/endustriyel.com\/wp-content\/uploads\/2024\/04\/mavi-sensor-300x237.png 300w, https:\/\/endustriyel.com\/wp-content\/uploads\/2024\/04\/mavi-sensor-768x606.png 768w, https:\/\/endustriyel.com\/wp-content\/uploads\/2024\/04\/mavi-sensor-600x474.png 600w\" sizes=\"(max-width: 950px) 100vw, 950px\" \/>\t\t\t\t\t\t\t\t\t\t\t\t\t<\/div>\n\t\t\t\t<\/div>\n\t\t\t\t<\/div>\n\t\t<div class=\"elementor-element elementor-element-656182b e-con-full e-flex wpr-particle-no wpr-jarallax-no wpr-parallax-no wpr-sticky-section-no e-con e-child\" data-id=\"656182b\" data-element_type=\"container\">\n\t\t\t\t<div class=\"elementor-element elementor-element-2be9d41 elementor-widget elementor-widget-heading\" data-id=\"2be9d41\" data-element_type=\"widget\" data-widget_type=\"heading.default\">\n\t\t\t\t<div class=\"elementor-widget-container\">\n\t\t\t<style>\/*! elementor - v3.23.0 - 05-08-2024 *\/\n.elementor-heading-title{padding:0;margin:0;line-height:1}.elementor-widget-heading .elementor-heading-title[class*=elementor-size-]>a{color:inherit;font-size:inherit;line-height:inherit}.elementor-widget-heading .elementor-heading-title.elementor-size-small{font-size:15px}.elementor-widget-heading .elementor-heading-title.elementor-size-medium{font-size:19px}.elementor-widget-heading .elementor-heading-title.elementor-size-large{font-size:29px}.elementor-widget-heading .elementor-heading-title.elementor-size-xl{font-size:39px}.elementor-widget-heading .elementor-heading-title.elementor-size-xxl{font-size:59px}<\/style><h2 class=\"elementor-heading-title elementor-size-default\">H\u00e4ufig gestellte Fragen\n<\/h2>\t\t<\/div>\n\t\t\t\t<\/div>\n\t\t\t\t<div class=\"elementor-element elementor-element-1fe068a elementor-widget elementor-widget-theme-post-title elementor-page-title elementor-widget-heading\" data-id=\"1fe068a\" data-element_type=\"widget\" data-widget_type=\"theme-post-title.default\">\n\t\t\t\t<div class=\"elementor-widget-container\">\n\t\t\t<h1 class=\"elementor-heading-title elementor-size-default\">KALIBRIERUNG DES BLAUEN SENSORS<\/h1>\t\t<\/div>\n\t\t\t\t<\/div>\n\t\t\t\t<\/div>\n\t\t\t\t\t<\/div>\n\t\t\t\t<\/div>\n\t\t<div class=\"elementor-element elementor-element-e138285 e-flex e-con-boxed wpr-particle-no wpr-jarallax-no wpr-parallax-no wpr-sticky-section-no e-con e-parent\" data-id=\"e138285\" data-element_type=\"container\">\n\t\t\t\t\t<div class=\"e-con-inner\">\n\t\t\t\t<div class=\"elementor-element elementor-element-ad1b348 elementor-widget elementor-widget-text-editor\" data-id=\"ad1b348\" data-element_type=\"widget\" data-widget_type=\"text-editor.default\">\n\t\t\t\t<div class=\"elementor-widget-container\">\n\t\t\t<style>\/*! elementor - v3.23.0 - 05-08-2024 *\/\n.elementor-widget-text-editor.elementor-drop-cap-view-stacked .elementor-drop-cap{background-color:#69727d;color:#fff}.elementor-widget-text-editor.elementor-drop-cap-view-framed .elementor-drop-cap{color:#69727d;border:3px solid;background-color:transparent}.elementor-widget-text-editor:not(.elementor-drop-cap-view-default) .elementor-drop-cap{margin-top:8px}.elementor-widget-text-editor:not(.elementor-drop-cap-view-default) .elementor-drop-cap-letter{width:1em;height:1em}.elementor-widget-text-editor .elementor-drop-cap{float:left;text-align:center;line-height:1;font-size:50px}.elementor-widget-text-editor .elementor-drop-cap-letter{display:inline-block}<\/style>\t\t\t\t<p><b>BENUTZUNG UND EINSTELLUNGEN:<\/b><\/p><p>Das Ger\u00e4t verf\u00fcgt \u00fcber insgesamt 4 Programmeinstellungen. Diese werden eingestellt, um festzulegen, wie das Ger\u00e4t funktionieren soll. Zus\u00e4tzlich gibt es zwei Kalibrierungsoptionen von den beiden Tasten, niedrig und hoch.<br \/>Um in die Programme zu gelangen, halten Sie die Taste etwa 2 Sekunden lang gedr\u00fcckt. Wenn Sie in die Programme eintreten, wird &#8222;P0&#8220; auf dem Bildschirm angezeigt. Mit den Tasten &lt;\u2191&gt; und &lt;\u2193&gt; k\u00f6nnen Sie zwischen den Programmen navigieren. Wenn Sie in ein bestimmtes Programm eintreten m\u00f6chten, dr\u00fccken Sie die entsprechende Taste. Nachdem die relevanten Programmparameter mit den Tasten &lt;\u2191&gt; und &lt;\u2193&gt; eingestellt wurden, dr\u00fccken Sie die Taste, um sie zu speichern. Wenn Sie ohne Speichern verlassen m\u00f6chten, dr\u00fccken Sie die Taste.<br \/>Um wieder in den normalen Betriebsmodus zur\u00fcckzukehren, dr\u00fccken Sie die Taste, und der Messwert wird auf dem Bildschirm angezeigt.<\/p><p>P0 &#8211; Relaisausgangswert: Einstellbar zwischen 0 und 99. Bei diesem Wert wird das Relais aktiviert. Durch Einstellen des gew\u00fcnschten Werts kann ein unabh\u00e4ngiges Signal von den Relaiskontakten erhalten werden, wenn der Pegel den gew\u00fcnschten Wert erreicht.<\/p><p>P1 &#8211; Hysterese-Wert: Dieser Wert ist die Differenz zwischen dem Aktivierungs- und Deaktivierungswert des Relais. Wenn die Messung unregelm\u00e4\u00dfig ist (aufgrund schneller \u00c4nderungen des Pegels usw.), verhindert dieser Wert die Instabilit\u00e4t des Relais und dessen schnelle Aktivierung und Deaktivierung. Je nach Anwendung sollte er auf einen geeigneten Wert eingestellt werden.<\/p><p>P2 &#8211; Relaisausgabetyp (Betriebsart):<br \/>0 =&gt; Relaisausgang deaktiviert.<br \/>1 =&gt; Relaisausgang kontinuierlich aktiv.<br \/>2 =&gt; Zieht an, wenn der eingestellte Wert erreicht ist, und h\u00e4lt ihn um den Wert der Hysterese darunter. (Direkte Logik)<br \/>3 =&gt; L\u00e4sst los, wenn der eingestellte Wert erreicht ist, und zieht um den Wert der Hysterese darunter. (Umgekehrte Logik)<\/p><p>P3 &#8211; Reserviertes Men\u00fc: Geschlossenes Men\u00fc.<br \/>P4 &#8211; Kalibrierungsinformationscodes und automatische Kalibrierung:<br \/>In diesem Men\u00fc befinden sich Informationen zu Kalibrierungscodes, Messinformationen und Einstellungen zu den im Speicher gespeicherten Kalibrierungsbereichen.<br \/>Kalibrierungsfehlercodes:<br \/>1o =&gt; Die obere Kalibrierung ist gr\u00f6\u00dfer als die untere Kalibrierung, daher ist die Kalibrierung korrekt.<br \/>1E =&gt; Die untere Kalibrierung ist gr\u00f6\u00dfer als die obere Kalibrierung, daher ist die Kalibrierung fehlerhaft.<br \/>2o =&gt; Der Unterschied zwischen oberer und unterer Kalibrierung ist f\u00fcr die Skalierung geeignet.<br \/>2H =&gt; Der Unterschied zwischen oberer und unterer Kalibrierung ist gro\u00df; nicht f\u00fcr die Skalierung geeignet.<br \/>2E =&gt; Der Unterschied zwischen oberer und unterer Kalibrierung ist klein; nicht f\u00fcr die Skalierung geeignet.<br \/>3o =&gt; Der aktuelle Kapazit\u00e4tswert liegt innerhalb des eingestellten Kalibrierungsbereichs.<br \/>3H =&gt; Das Ger\u00e4t ist auf 99; der aktuelle Kapazit\u00e4tswert ist gr\u00f6\u00dfer als der obere Kalibrierungswert.<br \/>3A =&gt; Das Ger\u00e4t ist auf 00; der aktuelle Kapazit\u00e4tswert ist kleiner als der untere Kalibrierungswert.<\/p><p>KALIBRIERUNG:<br \/>Die Kalibrierung des Ger\u00e4ts kann wie folgt durchgef\u00fchrt werden. F\u00fchren Sie eine untere oder obere Kalibrierung \u00fcber die &lt;\u2191&gt; und &lt;\u2193&gt; Tasten auf der Oberseite des Ger\u00e4ts durch. Verwenden Sie &lt;\u2191&gt; f\u00fcr die obere Kalibrierung und &lt;\u2193&gt; f\u00fcr die untere Kalibrierung. Um eine obere Kalibrierung durchzuf\u00fchren, dr\u00fccken Sie die &lt;\u2191&gt; Taste etwa 2 Sekunden lang, w\u00e4hrend sich das Ger\u00e4t im normalen Messmodus befindet. F\u00fcr die untere Kalibrierung dr\u00fccken Sie auf die gleiche Weise etwa 2 Sekunden lang die &lt;\u2193&gt; Taste.<br \/>Wenn die Kalibrierung abgeschlossen ist, blinkt &#8222;o&#8220; dreimal auf dem Bildschirm, und der neue Messwert wird angezeigt (normalerweise wird nach der unteren Kalibrierung &#8222;0&#8220; und nach der oberen Kalibrierung &#8222;99&#8220; angezeigt).<br \/>Auf diese Weise wird die Kalibrierung abgeschlossen.<br \/>Die Kalibrierung erfolgt in zwei Schritten. Der erste Schritt ist die untere Kalibrierung, die den Nullpunkt festlegt. Dazu wird die Spitze des Sensors auf das niedrigste zu messende Niveau gebracht und wie beschrieben kalibriert. Nach der Kalibrierung sollte &#8222;0&#8220; auf dem Bildschirm angezeigt werden. Die untere Kalibrierung sollte nicht in der Luft durchgef\u00fchrt werden, da die Kapazit\u00e4t in der Luft anders sein wird als am niedrigsten Punkt, und der Sensor einen anderen Wert als &#8222;0&#8220; anzeigen wird, wenn der Pegel am niedrigsten ist.<br \/>Ebenso sollte die obere Kalibrierung durchgef\u00fchrt werden, nachdem die Spitze des Sensors auf das h\u00f6chste Niveau gebracht wurde. Auf diese Weise wird eine gleichm\u00e4\u00dfige Skalierung zwischen den beiden Punkten erreicht.<br \/>W\u00e4hrend der Kalibrierung tr\u00e4gt eine m\u00f6glichst konstante Messung dazu bei, dass die Kalibrierung korrekt ist. Schlechte Erdungsverbindungen oder Kontaktausf\u00e4lle zwischen der Erdkarte, der Sensorplatine oder defekte Kontakte k\u00f6nnen sowohl Kalibrierungsprobleme als auch pl\u00f6tzliche und unerwartete Kapazit\u00e4ts- und Wert\u00e4nderungen w\u00e4hrend der normalen Messung verursachen.<br \/>Das kalibrierte Objekt muss unbedingt im Messbereich des Sensors liegen. Andernfalls k\u00f6nnen die unteren und oberen Punkte nicht genau skaliert werden.<br \/>Wenn aus irgendeinem Grund die untere oder obere Kalibrierung nicht korrekt ist, sollte die Kalibrierung unter Ber\u00fccksichtigung der obigen Warnungen wiederholt werden. Die untere und obere Kalibrierung k\u00f6nnen unabh\u00e4ngig voneinander durchgef\u00fchrt werden.<\/p>\t\t\t\t\t\t<\/div>\n\t\t\t\t<\/div>\n\t\t\t\t\t<\/div>\n\t\t\t\t<\/div>\n\t\t\t\t<\/div>\n\t\t","protected":false},"excerpt":{"rendered":"<p>Startseite H\u00e4ufig gestellte Fragen BENUTZUNG UND EINSTELLUNGEN: Das Ger\u00e4t verf\u00fcgt \u00fcber insgesamt 4 Programmeinstellungen. Diese werden eingestellt, um festzulegen, wie das Ger\u00e4t funktionieren soll. Zus\u00e4tzlich gibt es zwei Kalibrierungsoptionen von den beiden Tasten, niedrig und hoch.Um in die Programme zu gelangen, halten Sie die Taste etwa 2 Sekunden lang gedr\u00fcckt. Wenn Sie in die Programme eintreten, wird &#8222;P0&#8220; auf dem Bildschirm angezeigt. Mit den Tasten &lt;\u2191&gt; und &lt;\u2193&gt; k\u00f6nnen Sie zwischen den Programmen navigieren. Wenn Sie in ein bestimmtes Programm eintreten m\u00f6chten, dr\u00fccken Sie die entsprechende Taste. Nachdem die relevanten Programmparameter mit den Tasten &lt;\u2191&gt; und &lt;\u2193&gt; eingestellt wurden, dr\u00fccken Sie die Taste, um sie zu speichern. Wenn Sie ohne Speichern verlassen m\u00f6chten, dr\u00fccken Sie die Taste.Um wieder in den normalen Betriebsmodus zur\u00fcckzukehren, dr\u00fccken Sie die Taste, und der Messwert wird auf dem Bildschirm angezeigt. P0 &#8211; Relaisausgangswert: Einstellbar zwischen 0 und 99. Bei diesem Wert wird das Relais aktiviert. Durch Einstellen des gew\u00fcnschten Werts kann ein unabh\u00e4ngiges Signal von den Relaiskontakten erhalten werden, wenn der Pegel den gew\u00fcnschten Wert erreicht. P1 &#8211; Hysterese-Wert: Dieser Wert ist die Differenz zwischen dem Aktivierungs- und Deaktivierungswert des Relais. Wenn die Messung unregelm\u00e4\u00dfig ist (aufgrund schneller \u00c4nderungen des Pegels usw.), verhindert dieser Wert die Instabilit\u00e4t des Relais und dessen schnelle Aktivierung und Deaktivierung. Je nach Anwendung sollte er auf einen geeigneten Wert eingestellt werden. P2 &#8211; Relaisausgabetyp (Betriebsart):0 =&gt; Relaisausgang deaktiviert.1 =&gt; Relaisausgang kontinuierlich aktiv.2 =&gt; Zieht an, wenn der eingestellte Wert erreicht ist, und h\u00e4lt ihn um den Wert der Hysterese darunter. (Direkte Logik)3 =&gt; L\u00e4sst los, wenn der eingestellte Wert erreicht ist, und zieht um den Wert der Hysterese darunter. (Umgekehrte Logik) P3 &#8211; Reserviertes Men\u00fc: Geschlossenes Men\u00fc.P4 &#8211; Kalibrierungsinformationscodes und automatische Kalibrierung:In diesem Men\u00fc befinden sich Informationen zu Kalibrierungscodes, Messinformationen und Einstellungen zu den im Speicher gespeicherten Kalibrierungsbereichen.Kalibrierungsfehlercodes:1o =&gt; Die obere Kalibrierung ist gr\u00f6\u00dfer als die untere Kalibrierung, daher ist die Kalibrierung korrekt.1E =&gt; Die untere Kalibrierung ist gr\u00f6\u00dfer als die obere Kalibrierung, daher ist die Kalibrierung fehlerhaft.2o =&gt; Der Unterschied zwischen oberer und unterer Kalibrierung ist f\u00fcr die Skalierung geeignet.2H =&gt; Der Unterschied zwischen oberer und unterer Kalibrierung ist gro\u00df; nicht f\u00fcr die Skalierung geeignet.2E =&gt; Der Unterschied zwischen oberer und unterer Kalibrierung ist klein; nicht f\u00fcr die Skalierung geeignet.3o =&gt; Der aktuelle Kapazit\u00e4tswert liegt innerhalb des eingestellten Kalibrierungsbereichs.3H =&gt; Das Ger\u00e4t ist auf 99; der aktuelle Kapazit\u00e4tswert ist gr\u00f6\u00dfer als der obere Kalibrierungswert.3A =&gt; Das Ger\u00e4t ist auf 00; der aktuelle Kapazit\u00e4tswert ist kleiner als der untere Kalibrierungswert. KALIBRIERUNG:Die Kalibrierung des Ger\u00e4ts kann wie folgt durchgef\u00fchrt werden. F\u00fchren Sie eine untere oder obere Kalibrierung \u00fcber die &lt;\u2191&gt; und &lt;\u2193&gt; Tasten auf der Oberseite des Ger\u00e4ts durch. Verwenden Sie &lt;\u2191&gt; f\u00fcr die obere Kalibrierung und &lt;\u2193&gt; f\u00fcr die untere Kalibrierung. Um eine obere Kalibrierung durchzuf\u00fchren, dr\u00fccken Sie die &lt;\u2191&gt; Taste etwa 2 Sekunden lang, w\u00e4hrend sich das Ger\u00e4t im normalen Messmodus befindet. F\u00fcr die untere Kalibrierung dr\u00fccken Sie auf die gleiche Weise etwa 2 Sekunden lang die &lt;\u2193&gt; Taste.Wenn die Kalibrierung abgeschlossen ist, blinkt &#8222;o&#8220; dreimal auf dem Bildschirm, und der neue Messwert wird angezeigt (normalerweise wird nach der unteren Kalibrierung &#8222;0&#8220; und nach der oberen Kalibrierung &#8222;99&#8220; angezeigt).Auf diese Weise wird die Kalibrierung abgeschlossen.Die Kalibrierung erfolgt in zwei Schritten. Der erste Schritt ist die untere Kalibrierung, die den Nullpunkt festlegt. Dazu wird die Spitze des Sensors auf das niedrigste zu messende Niveau gebracht und wie beschrieben kalibriert. Nach der Kalibrierung sollte &#8222;0&#8220; auf dem Bildschirm angezeigt werden. Die untere Kalibrierung sollte nicht in der Luft durchgef\u00fchrt werden, da die Kapazit\u00e4t in der Luft anders sein wird als am niedrigsten Punkt, und der Sensor einen anderen Wert als &#8222;0&#8220; anzeigen wird, wenn der Pegel am niedrigsten ist.Ebenso sollte die obere Kalibrierung durchgef\u00fchrt werden, nachdem die Spitze des Sensors auf das h\u00f6chste Niveau gebracht wurde. Auf diese Weise wird eine gleichm\u00e4\u00dfige Skalierung zwischen den beiden Punkten erreicht.W\u00e4hrend der Kalibrierung tr\u00e4gt eine m\u00f6glichst konstante Messung dazu bei, dass die Kalibrierung korrekt ist. Schlechte Erdungsverbindungen oder Kontaktausf\u00e4lle zwischen der Erdkarte, der Sensorplatine oder defekte Kontakte k\u00f6nnen sowohl Kalibrierungsprobleme als auch pl\u00f6tzliche und unerwartete Kapazit\u00e4ts- und Wert\u00e4nderungen w\u00e4hrend der normalen Messung verursachen.Das kalibrierte Objekt muss unbedingt im Messbereich des Sensors liegen. Andernfalls k\u00f6nnen die unteren und oberen Punkte nicht genau skaliert werden.Wenn aus irgendeinem Grund die untere oder obere Kalibrierung nicht korrekt ist, sollte die Kalibrierung unter Ber\u00fccksichtigung der obigen Warnungen wiederholt werden. Die untere und obere Kalibrierung k\u00f6nnen unabh\u00e4ngig voneinander durchgef\u00fchrt werden.<\/p>\n","protected":false},"author":1,"featured_media":0,"parent":0,"menu_order":0,"comment_status":"closed","ping_status":"closed","template":"","meta":{"_acf_changed":false,"site-sidebar-layout":"no-sidebar","site-content-layout":"page-builder","ast-site-content-layout":"full-width-container","site-content-style":"default","site-sidebar-style":"default","ast-global-header-display":"","ast-banner-title-visibility":"","ast-main-header-display":"","ast-hfb-above-header-display":"","ast-hfb-below-header-display":"","ast-hfb-mobile-header-display":"","site-post-title":"disabled","ast-breadcrumbs-content":"","ast-featured-img":"disabled","footer-sml-layout":"","theme-transparent-header-meta":"default","adv-header-id-meta":"","stick-header-meta":"","header-above-stick-meta":"","header-main-stick-meta":"","header-below-stick-meta":"","astra-migrate-meta-layouts":"set","ast-page-background-enabled":"default","ast-page-background-meta":{"desktop":{"background-color":"var(--ast-global-color-4)","background-image":"","background-repeat":"repeat","background-position":"center center","background-size":"auto","background-attachment":"scroll","background-type":"","background-media":"","overlay-type":"","overlay-color":"","overlay-opacity":"","overlay-gradient":""},"tablet":{"background-color":"","background-image":"","background-repeat":"repeat","background-position":"center center","background-size":"auto","background-attachment":"scroll","background-type":"","background-media":"","overlay-type":"","overlay-color":"","overlay-opacity":"","overlay-gradient":""},"mobile":{"background-color":"","background-image":"","background-repeat":"repeat","background-position":"center center","background-size":"auto","background-attachment":"scroll","background-type":"","background-media":"","overlay-type":"","overlay-color":"","overlay-opacity":"","overlay-gradient":""}},"ast-content-background-meta":{"desktop":{"background-color":"var(--ast-global-color-5)","background-image":"","background-repeat":"repeat","background-position":"center center","background-size":"auto","background-attachment":"scroll","background-type":"","background-media":"","overlay-type":"","overlay-color":"","overlay-opacity":"","overlay-gradient":""},"tablet":{"background-color":"var(--ast-global-color-5)","background-image":"","background-repeat":"repeat","background-position":"center center","background-size":"auto","background-attachment":"scroll","background-type":"","background-media":"","overlay-type":"","overlay-color":"","overlay-opacity":"","overlay-gradient":""},"mobile":{"background-color":"var(--ast-global-color-5)","background-image":"","background-repeat":"repeat","background-position":"center center","background-size":"auto","background-attachment":"scroll","background-type":"","background-media":"","overlay-type":"","overlay-color":"","overlay-opacity":"","overlay-gradient":""}},"footnotes":""},"class_list":["post-11351","page","type-page","status-publish","hentry"],"acf":[],"_links":{"self":[{"href":"https:\/\/endustriyel.com\/de\/wp-json\/wp\/v2\/pages\/11351","targetHints":{"allow":["GET"]}}],"collection":[{"href":"https:\/\/endustriyel.com\/de\/wp-json\/wp\/v2\/pages"}],"about":[{"href":"https:\/\/endustriyel.com\/de\/wp-json\/wp\/v2\/types\/page"}],"author":[{"embeddable":true,"href":"https:\/\/endustriyel.com\/de\/wp-json\/wp\/v2\/users\/1"}],"replies":[{"embeddable":true,"href":"https:\/\/endustriyel.com\/de\/wp-json\/wp\/v2\/comments?post=11351"}],"version-history":[{"count":0,"href":"https:\/\/endustriyel.com\/de\/wp-json\/wp\/v2\/pages\/11351\/revisions"}],"wp:attachment":[{"href":"https:\/\/endustriyel.com\/de\/wp-json\/wp\/v2\/media?parent=11351"}],"curies":[{"name":"wp","href":"https:\/\/api.w.org\/{rel}","templated":true}]}}