{"id":7617,"date":"2024-04-25T16:00:45","date_gmt":"2024-04-25T13:00:45","guid":{"rendered":"https:\/\/endustriyel.com\/urun\/step-motorlu-super-sonic-filtre-kontrol-unitesi\/"},"modified":"2024-05-10T12:26:35","modified_gmt":"2024-05-10T09:26:35","slug":"%d9%88%d8%ad%d8%af%d8%a9-%d8%a7%d9%84%d8%aa%d8%ad%d9%83%d9%85-%d9%81%d9%8a-%d8%a7%d9%84%d9%81%d9%84%d8%aa%d8%b1-%d8%a7%d9%84%d8%b5%d9%88%d8%aa%d9%8a-%d8%a7%d9%84%d9%81%d8%a7%d8%a6%d9%82-%d9%85%d8%b9","status":"publish","type":"product","link":"https:\/\/endustriyel.com\/ar\/urun\/%d9%88%d8%ad%d8%af%d8%a9-%d8%a7%d9%84%d8%aa%d8%ad%d9%83%d9%85-%d9%81%d9%8a-%d8%a7%d9%84%d9%81%d9%84%d8%aa%d8%b1-%d8%a7%d9%84%d8%b5%d9%88%d8%aa%d9%8a-%d8%a7%d9%84%d9%81%d8%a7%d8%a6%d9%82-%d9%85%d8%b9\/","title":{"rendered":"\u0648\u062d\u062f\u0629 \u0627\u0644\u062a\u062d\u0643\u0645 \u0641\u064a \u0627\u0644\u0641\u0644\u062a\u0631 \u0627\u0644\u0635\u0648\u062a\u064a \u0627\u0644\u0641\u0627\u0626\u0642 \u0645\u0639 \u0645\u062d\u0631\u0643 \u0645\u062a\u062f\u0631\u062c"},"content":{"rendered":"<p>Fabrikalarda hava hatt\u0131ndaki toz partik\u00fcllerinin ayr\u0131\u015ft\u0131r\u0131lmas\u0131 i\u00e7in kullan\u0131l\u0131r. Bas\u0131n\u00e7l\u0131 olan modellerde; bas\u0131n\u00e7<br \/>\ntakip sistemi sayesinde zaman ve darbe ayar\u0131n\u0131 otomatik yaparak kullan\u0131m kolayl\u0131\u011f\u0131 sa\u011flar. Patlak filtre<br \/>\ndolmu\u015f filtre ar\u0131za \u00e7\u0131k\u0131\u015f\u0131 uyar\u0131s\u0131 ile kullan\u0131c\u0131y\u0131 bilgilendirir. Harici kullan\u0131ma uygun kutulanm\u0131\u015ft\u0131r. Ekstra pano<br \/>\ngerektirmez. Darbe ve zaman olmak \u00fczere \u00e7ift zaman ayarl\u0131d\u0131r. 26 Adet temizleme torbas\u0131 \u00e7\u0131k\u0131\u015f\u0131 vard\u0131r.<\/p>\n","protected":false},"excerpt":{"rendered":"<p>\u064a\u062a\u0645 \u0627\u0633\u062a\u062e\u062f\u0627\u0645\u0647 \u0644\u0641\u0635\u0644 \u062c\u0632\u064a\u0626\u0627\u062a \u0627\u0644\u063a\u0628\u0627\u0631 \u0641\u064a \u062e\u0637 \u0627\u0644\u0647\u0648\u0627\u0621 \u0641\u064a \u0627\u0644\u0645\u0635\u0627\u0646\u0639. \u0641\u064a \u0627\u0644\u0646\u0645\u0627\u0630\u062c \u0627\u0644\u0645\u0636\u063a\u0648\u0637\u0629 \u0636\u063a\u0637<br \/>\n\u0628\u0641\u0636\u0644 \u0646\u0638\u0627\u0645 \u0627\u0644\u062a\u062a\u0628\u0639 \u0627\u0644\u062e\u0627\u0635 \u0628\u0647\u0627\u060c \u0641\u0647\u064a \u062a\u0648\u0641\u0631 \u0633\u0647\u0648\u0644\u0629 \u0627\u0644\u0627\u0633\u062a\u062e\u062f\u0627\u0645 \u0645\u0646 \u062e\u0644\u0627\u0644 \u0636\u0628\u0637 \u0625\u0639\u062f\u0627\u062f\u0627\u062a \u0627\u0644\u0648\u0642\u062a \u0648\u0627\u0644\u0646\u0628\u0636 \u062a\u0644\u0642\u0627\u0626\u064a\u064b\u0627. \u0645\u0631\u0634\u062d \u0627\u0644\u0627\u0646\u0641\u062c\u0627\u0631<br \/>\n\u064a\u0642\u0648\u0645 \u0628\u0625\u0628\u0644\u0627\u063a \u0627\u0644\u0645\u0633\u062a\u062e\u062f\u0645 \u0628\u062a\u062d\u0630\u064a\u0631 \u0643\u0627\u0645\u0644 \u0644\u0625\u062e\u0631\u0627\u062c \u062e\u0637\u0623 \u0627\u0644\u0641\u0644\u062a\u0631. \u0648\u0647\u0648 \u0645\u062d\u0627\u0635\u0631 \u0644\u0644\u0627\u0633\u062a\u062e\u062f\u0627\u0645 \u0627\u0644\u062e\u0627\u0631\u062c\u064a. \u0644\u0648\u062d\u0629 \u0627\u0636\u0627\u0641\u064a\u0629<br \/>\n\u0644\u0627 \u064a\u062a\u0637\u0644\u0628 \u0630\u0644\u0643. \u062a\u062d\u062a\u0648\u064a \u0639\u0644\u0649 \u0625\u0639\u062f\u0627\u062f\u0627\u062a \u0648\u0642\u062a \u0645\u0632\u062f\u0648\u062c\u0629: \u0627\u0644\u0646\u0628\u0636 \u0648\u0627\u0644\u0648\u0642\u062a. \u064a\u0648\u062c\u062f 26 \u0645\u0646\u0641\u0630\u064b\u0627 \u0644\u0623\u0643\u064a\u0627\u0633 \u0627\u0644\u062a\u0646\u0638\u064a\u0641.<\/p>\n","protected":false},"featured_media":5867,"comment_status":"open","ping_status":"closed","template":"","meta":{"_acf_changed":false,"site-sidebar-layout":"default","site-content-layout":"","ast-site-content-layout":"default","site-content-style":"default","site-sidebar-style":"default","ast-global-header-display":"","ast-banner-title-visibility":"","ast-main-header-display":"","ast-hfb-above-header-display":"","ast-hfb-below-header-display":"","ast-hfb-mobile-header-display":"","site-post-title":"","ast-breadcrumbs-content":"","ast-featured-img":"","footer-sml-layout":"","theme-transparent-header-meta":"default","adv-header-id-meta":"","stick-header-meta":"","header-above-stick-meta":"","header-main-stick-meta":"","header-below-stick-meta":"","astra-migrate-meta-layouts":"set","ast-page-background-enabled":"default","ast-page-background-meta":{"desktop":{"background-color":"var(--ast-global-color-4)","background-image":"","background-repeat":"repeat","background-position":"center center","background-size":"auto","background-attachment":"scroll","background-type":"","background-media":"","overlay-type":"","overlay-color":"","overlay-opacity":"","overlay-gradient":""},"tablet":{"background-color":"","background-image":"","background-repeat":"repeat","background-position":"center center","background-size":"auto","background-attachment":"scroll","background-type":"","background-media":"","overlay-type":"","overlay-color":"","overlay-opacity":"","overlay-gradient":""},"mobile":{"background-color":"","background-image":"","background-repeat":"repeat","background-position":"center center","background-size":"auto","background-attachment":"scroll","background-type":"","background-media":"","overlay-type":"","overlay-color":"","overlay-opacity":"","overlay-gradient":""}},"ast-content-background-meta":{"desktop":{"background-color":"var(--ast-global-color-5)","background-image":"","background-repeat":"repeat","background-position":"center center","background-size":"auto","background-attachment":"scroll","background-type":"","background-media":"","overlay-type":"","overlay-color":"","overlay-opacity":"","overlay-gradient":""},"tablet":{"background-color":"var(--ast-global-color-5)","background-image":"","background-repeat":"repeat","background-position":"center center","background-size":"auto","background-attachment":"scroll","background-type":"","background-media":"","overlay-type":"","overlay-color":"","overlay-opacity":"","overlay-gradient":""},"mobile":{"background-color":"var(--ast-global-color-5)","background-image":"","background-repeat":"repeat","background-position":"center center","background-size":"auto","background-attachment":"scroll","background-type":"","background-media":"","overlay-type":"","overlay-color":"","overlay-opacity":"","overlay-gradient":""}}},"product_cat":[406],"product_tag":[],"class_list":{"0":"post-7617","1":"product","2":"type-product","3":"status-publish","4":"has-post-thumbnail","6":"product_cat-406","7":"desktop-align-left","8":"tablet-align-left","9":"mobile-align-left","11":"first","12":"instock","13":"shipping-taxable","14":"product-type-simple"},"acf":[],"_links":{"self":[{"href":"https:\/\/endustriyel.com\/ar\/wp-json\/wp\/v2\/product\/7617","targetHints":{"allow":["GET"]}}],"collection":[{"href":"https:\/\/endustriyel.com\/ar\/wp-json\/wp\/v2\/product"}],"about":[{"href":"https:\/\/endustriyel.com\/ar\/wp-json\/wp\/v2\/types\/product"}],"replies":[{"embeddable":true,"href":"https:\/\/endustriyel.com\/ar\/wp-json\/wp\/v2\/comments?post=7617"}],"wp:featuredmedia":[{"embeddable":true,"href":"https:\/\/endustriyel.com\/ar\/wp-json\/wp\/v2\/media\/5867"}],"wp:attachment":[{"href":"https:\/\/endustriyel.com\/ar\/wp-json\/wp\/v2\/media?parent=7617"}],"wp:term":[{"taxonomy":"product_cat","embeddable":true,"href":"https:\/\/endustriyel.com\/ar\/wp-json\/wp\/v2\/product_cat?post=7617"},{"taxonomy":"product_tag","embeddable":true,"href":"https:\/\/endustriyel.com\/ar\/wp-json\/wp\/v2\/product_tag?post=7617"}],"curies":[{"name":"wp","href":"https:\/\/api.w.org\/{rel}","templated":true}]}}