{"id":10601,"date":"2024-03-23T16:46:55","date_gmt":"2024-03-23T13:46:55","guid":{"rendered":"https:\/\/endustriyel.com\/urun\/6-tartimli-ventilli-un-paketleme-makinesi-10-25-50-kg\/"},"modified":"2024-12-06T09:48:17","modified_gmt":"2024-12-06T06:48:17","slug":"%d9%85%d8%a7%d9%83%d9%8a%d9%86%d8%a9-%d8%aa%d8%b9%d8%a8%d8%a6%d8%a9-%d8%a7%d9%84%d8%af%d9%82%d9%8a%d9%82-%d8%b0%d8%a7%d8%aa-6-%d8%b5%d9%85%d8%a7%d9%85%d8%a7%d8%aa-%d9%88%d8%b2%d9%86-10-25-50-%d9%83","status":"publish","type":"product","link":"https:\/\/endustriyel.com\/ar\/urun\/%d9%85%d8%a7%d9%83%d9%8a%d9%86%d8%a9-%d8%aa%d8%b9%d8%a8%d8%a6%d8%a9-%d8%a7%d9%84%d8%af%d9%82%d9%8a%d9%82-%d8%b0%d8%a7%d8%aa-6-%d8%b5%d9%85%d8%a7%d9%85%d8%a7%d8%aa-%d9%88%d8%b2%d9%86-10-25-50-%d9%83\/","title":{"rendered":"\u0645\u0627\u0643\u064a\u0646\u0629 \u062a\u0639\u0628\u0626\u0629 \u0627\u0644\u062f\u0642\u064a\u0642 10\/25\/50 \u0643\u062c\u0645 \u0630\u0627\u062a \u0635\u0645\u0627\u0645 6 \u0623\u0648\u0632\u0627\u0646"},"content":{"rendered":"<ul>\n<li>\u064a\u062a\u0645 \u0627\u0633\u062a\u062e\u062f\u0627\u0645 \u0622\u0644\u0629 \u062a\u0639\u0628\u0626\u0629 \u0627\u0644\u0623\u0643\u064a\u0627\u0633 \u0630\u0627\u062a \u0627\u0644\u0635\u0645\u0627\u0645\u0627\u062a \u0645\u0646 \u0627\u0644\u0646\u0648\u0639 \u0627\u0644\u062a\u0648\u0631\u0628\u064a\u0646\u064a \u0644\u062a\u0639\u0628\u0626\u0629 \u0627\u0644\u0645\u0646\u062a\u062c\u0627\u062a \u0630\u0627\u062a \u0627\u0644\u0643\u062b\u0627\u0641\u0629 \u0627\u0644\u0645\u062a\u0648\u0633\u0637\u0629 \u0648\u0627\u0644\u0639\u0627\u0644\u064a\u0629 \u0641\u064a \u0623\u0643\u064a\u0627\u0633 \u0643\u0631\u0627\u0641\u062a-\u0628\u0648\u0644\u064a \u0625\u064a\u062b\u064a\u0644\u064a\u0646 \u0630\u0627\u062a \u0627\u0644\u0635\u0645\u0627\u0645\u0627\u062a. \u0625\u0646\u0647\u0627 \u062a\u0648\u0641\u0631 \u0627\u0644\u062d\u0644 \u0627\u0644\u0623\u0646\u0633\u0628 \u0644\u062a\u0639\u0628\u0626\u0629 \u0627\u0644\u0645\u0646\u062a\u062c\u0627\u062a \u0627\u0644\u062f\u0642\u064a\u0642\u0629 \u0648\u0627\u0644\u0623\u0631\u0636\u064a\u0629 \u0645\u0639 \u0633\u064a\u0648\u0644\u0629 \u0645\u062a\u0648\u0633\u0637\u0629 \u0648\u0639\u0627\u0644\u064a\u0629 \u0627\u0644\u0643\u062b\u0627\u0641\u0629 \u0628\u0623\u0646\u0648\u0627\u0639\u0647\u0627 \u0627\u0644\u0645\u062e\u062a\u0644\u0641\u0629 \u062d\u0633\u0628 \u062e\u0635\u0627\u0626\u0635 \u0627\u0644\u0645\u0627\u062f\u0629 \u0627\u0644\u0645\u0639\u0628\u0623\u0629\u060c \u0648\u062a\u062a\u0645 \u062c\u0645\u064a\u0639 \u0627\u0644\u0639\u0645\u0644\u064a\u0627\u062a \u062a\u0644\u0642\u0627\u0626\u064a\u064b\u0627 \u0628\u0639\u062f \u0623\u0646 \u064a\u062a\u0645 \u0631\u0628\u0637 \u0627\u0644\u0643\u064a\u0633 \u0628\u0641\u0648\u0647\u0629 \u0627\u0644\u062a\u0639\u0628\u0626\u0629 \u0645\u0646 \u0642\u0628\u0644 \u0627\u0644\u0645\u0634\u063a\u0644\u060c \u0648\u0642\u062f \u062a\u062e\u062a\u0644\u0641 \u0633\u0631\u0639\u0629 \u062a\u0639\u0628\u0626\u0629 \u0627\u0644\u0645\u0627\u0643\u064a\u0646\u0629 \u062d\u0633\u0628 \u0643\u062b\u0627\u0641\u0629 \u0627\u0644\u0645\u0646\u062a\u062c \u0648\u0633\u064a\u0648\u0644\u062a\u0647. \u0642\u062f \u062a\u062e\u062a\u0644\u0641 \u0633\u0631\u0639\u0629 \u062a\u0639\u0628\u0626\u0629 \u0627\u0644\u0645\u0627\u0643\u064a\u0646\u0629 \u062d\u0633\u0628 \u0643\u062b\u0627\u0641\u0629 \u0648\u0633\u064a\u0648\u0644\u0629 \u0627\u0644\u0645\u0646\u062a\u062c\u060c \u062a\u0639\u0645\u0644 \u0627\u0644\u0622\u0644\u064a\u0629 \u0627\u0644\u0647\u0648\u0627\u0626\u064a\u0629 \u0627\u0644\u0645\u0648\u062c\u0648\u062f\u0629 \u0641\u064a \u0641\u0648\u0647\u0629 \u0627\u0644\u062a\u0639\u0628\u0626\u0629 \u0639\u0644\u0649 \u062a\u0623\u0645\u064a\u0646 \u0627\u0644\u0643\u064a\u0633\u060c \u064a\u0642\u0648\u0645 \u0627\u0644\u0646\u0638\u0627\u0645 \u0628\u0639\u0645\u0644\u064a\u0629 \u062a\u0639\u0628\u0626\u0629 \u0627\u0644\u0623\u0643\u064a\u0627\u0633 \u062d\u0633\u0628 \u0627\u0644\u0643\u0645\u064a\u0629 \u0627\u0644\u0645\u062d\u062f\u062f\u0629 (\u0627\u0644\u0645\u0627\u062f\u0629 \u0627\u0644\u0645\u0633\u062a\u0647\u062f\u0641\u0629) \u0627\u0644\u062a\u064a \u064a\u062d\u062f\u062f\u0647\u0627 \u0627\u0644\u0645\u0633\u062a\u062e\u062f\u0645\u060c \u064a\u062a\u0645 \u062a\u0639\u0628\u0626\u0629 \u0627\u0644\u062e\u0644\u064a\u0637 \u0627\u0644\u0645\u0648\u062c\u0648\u062f \u0641\u064a \u062d\u062c\u0631\u0629 \u0627\u0644\u0622\u0644\u0629 \u0641\u064a \u0627\u0644\u0643\u064a\u0633 \u0628\u0648\u0627\u0633\u0637\u0629 \u0627\u0644\u062a\u062d\u0631\u064a\u0643 \u0627\u0644\u062a\u0648\u0631\u0628\u064a\u0646\u064a \u0648\u064a\u0642\u0648\u0645 \u0627\u0644\u0647\u0648\u0627\u0621 \u0627\u0644\u0645\u0632\u0648\u062f \u0625\u0644\u0649 \u0627\u0644\u062d\u062c\u0631\u0629 \u0628\u062a\u0639\u0628\u0626\u0629 \u0627\u0644\u062e\u0644\u064a\u0637 \u0644\u064a\u062a\u0645 \u062a\u0639\u0628\u0626\u062a\u0647 \u0641\u064a \u0627\u0644\u062d\u062c\u0631\u0629\u060c \u0648\u062a\u0632\u0646 \u0628\u0634\u0643\u0644 \u0645\u0633\u062a\u0645\u0631 \u0628\u062f\u0642\u0629 \u0648\u062a\u0646\u0641\u0630 \u0639\u0645\u0644\u064a\u0629 \u0627\u0644\u0648\u0632\u0646 \u0623\u064a\u0636\u064b\u0627\u060c \u0648\u0630\u0644\u0643 \u0628\u0641\u0636\u0644 \u0648\u062d\u062f\u0629 \u0627\u0644\u0648\u0632\u0646 \u0627\u0644\u0625\u0644\u0643\u062a\u0631\u0648\u0646\u064a\u0629 \u0627\u0644\u0645\u0632\u0648\u062f\u0629 \u0628\u062e\u0644\u064a\u0629 \u0627\u0644\u062a\u062d\u0645\u064a\u0644 \u0648\u0646\u0638\u0627\u0645<\/li>\n<li>\u064a\u0632\u0646 \u0627\u0644\u0646\u0638\u0627\u0645 \u0628\u0634\u0643\u0644 \u0645\u0633\u062a\u0645\u0631 \u0648\u0628\u062f\u0642\u0629 \u0628\u0641\u0636\u0644 \u0648\u062d\u062f\u0629 \u0627\u0644\u0648\u0632\u0646 \u0627\u0644\u0625\u0644\u0643\u062a\u0631\u0648\u0646\u064a\u0629 \u0627\u0644\u0645\u0632\u0648\u062f\u0629 \u0628\u062e\u0644\u064a\u0629 \u0627\u0644\u062a\u062d\u0645\u064a\u0644 \u0648\u0646\u0638\u0627\u0645 \u0627\u0644\u062a\u0639\u0628\u0626\u0629 \u0627\u0644\u0633\u0631\u064a\u0639\/\u0627\u0644\u0628\u0637\u064a\u0621\u060c \u0648\u064a\u0646\u0641\u0630 \u0639\u0645\u0644\u064a\u0629 \u0627\u0644\u0648\u0632\u0646 \u0623\u064a\u0636\u064b\u0627\u060c \u0641\u0647\u0648 \u064a\u062d\u062a\u0648\u064a \u0639\u0644\u0649 \u0647\u064a\u0643\u0644 \u064a\u0636\u0628\u0637 \u0639\u0645\u0644\u064a\u0629 \u0627\u0644\u062a\u0639\u0628\u0626\u0629 \u0648\u0641\u0642\u064b\u0627 \u0644\u0643\u0645\u064a\u0629 \u0627\u0644\u0648\u0632\u0646 \u0627\u0644\u0645\u0631\u0627\u062f \u062a\u0639\u0628\u0626\u062a\u0647 \u0648\u0628\u0627\u0644\u062a\u0627\u0644\u064a \u064a\u0624\u062f\u064a \u0627\u0644\u0623\u062f\u0627\u0621 \u062a\u0639\u0628\u0626\u0629 \u062f\u0642\u064a\u0642\u0629\u060c \u0648\u0633\u0631\u0639\u0629 \u062a\u062a\u0628\u0627\u0637\u0623 \u0645\u0639 \u0627\u0642\u062a\u0631\u0627\u0628 \u0648\u0632\u0646 \u0627\u0644\u0639\u0628\u0648\u0629 \u0627\u0644\u0645\u0637\u0644\u0648\u0628\u0629. \u0648\u064a\u062c\u062f \u0647\u0646\u0627\u0643 \u0646\u0638\u0627\u0645 \u062a\u062d\u0643\u0645\u060c \u0639\u0644\u0649 \u0633\u0628\u064a\u0644 \u0627\u0644\u0645\u062b\u0627\u0644\u060c \u0639\u0646\u062f\u0645\u0627 \u0646\u062d\u062f\u062f \u062a\u0639\u0628\u0626\u0629 \u0645\u0633\u062a\u0647\u062f\u0641\u0629 \u0628\u0640 25 \u0643\u062c\u0645\u060c \u062d\u064a\u0646\u0645\u0627 \u062a\u0635\u0644 \u0625\u0644\u0649 24 \u0625\u0644\u0649 700 \u062c\u0631\u0627\u0645\u060c \u0641\u0625\u0646 \u0627\u0644\u0648\u0632\u0646 \u064a\u0628\u0637\u0626 \u0633\u0631\u0639\u0629 \u062f\u0648\u0631\u0627\u0646 \u0627\u0644\u0645\u0646\u0628\u0631 \u0648\u064a\u062d\u0642\u0642 \u0627\u0644\u062a\u0639\u0628\u0626\u0629 \u0628\u0623\u0639\u0644\u0649 \u062f\u0642\u0629.  \u0627\u0644\u062a\u0639\u0628\u0626\u0629 \u0627\u0644\u0633\u0631\u064a\u0639\/\u0627\u0644\u0628\u0637\u064a\u0621\u060c \u062a\u062d\u062a\u0648\u064a \u0639\u0644\u0649 \u0647\u064a\u0643\u0644 \u064a\u0636\u0628\u0637 \u060c \u0639\u0645\u0644\u064a\u0629 \u0627\u0644\u062a\u0639\u0628\u0626\u0629 \u0648\u0641\u0642\u064b\u0627 \u0644\u0643\u0645\u064a\u0629 \u0627\u0644\u0648\u0632\u0646 \u0627\u0644\u0645\u0631\u0627\u062f \u062a\u0639\u0628\u0626\u062a\u0647\u0627 \u0648\u0628\u0627\u0644\u062a\u0627\u0644\u064a \u0625\u062c\u0631\u0627\u0621 \u062a\u0639\u0628\u0626\u0629 \u062f\u0642\u064a\u0642\u0629\u060c \u0648\u0644\u0647\u0627 \u0646\u0638\u0627\u0645 \u0627\u0644\u062a\u062d\u0643\u0645 \u0641\u064a \u0627\u0644\u0633\u0631\u0639\u0629 \u0627\u0644\u0630\u064a \u064a\u062a\u0628\u0627\u0637\u0623 \u0645\u0639 \u0627\u0642\u062a\u0631\u0627\u0628 \u0648\u0632\u0646 \u0627\u0644\u0639\u0628\u0648\u0629 \u0627\u0644\u0645\u0637\u0644\u0648\u0628 \u0639\u0644\u0649 \u0633\u0628\u064a\u0644 \u0627\u0644\u0645\u062b\u0627\u0644\u060c \u0639\u0646\u062f\u0645\u0627 \u0646\u062d\u062f\u062f \u062a\u0639\u0628\u0626\u0629 \u0645\u0633\u062a\u0647\u062f\u0641\u0629 \u062a\u0628\u0644\u063a<\/li>\n<li>25 \u0643\u062c\u0645\u060c \u0648\u062d\u064a\u0646\u0645\u0627 \u062a\u0635\u0644 \u0625\u0644\u0649 24700 \u062c\u0631\u0627\u0645\u060c \u0641\u0625\u0646 \u0627\u0644\u0648\u0632\u0646 \u064a\u0628\u0637\u0626 \u0645\u0639\u062f\u0644 \u062a\u062f\u0641\u0642 \u0627\u0644\u0645\u0646\u0628\u0631 \u0648\u064a\u062d\u0642\u0642 \u0627\u0644\u062a\u0639\u0628\u0626\u0629 \u0628\u0623\u0639\u0644\u0649 \u062f\u0642\u0629\u060c \u0648\u0623\u0633\u0646\u0627\u0646 \u0627\u0644\u062a\u0648\u0631\u0628\u064a\u0646\u0627\u062a \u0645\u0635\u0646\u0648\u0639\u0629 \u0645\u0646 \u0645\u0627\u062f\u0629 \u00d6rne\u011fin, 25 Kg\u2019l\u0131k hedef dolum belirledi\u011fimizde 24.700 grama geldi\u011finde tart\u0131m trib\u00fcn\u00fcn d\u00f6n\u00fc\u015f h\u0131z\u0131n\u0131 yava\u015flatarak en y\u00fcksek hassasiyette dolumu yakalamaktad\u0131r.<\/li>\n<li>\u0627\u0644\u0647\u0648\u0627\u0621 \u0627\u0644\u0645\u0632\u0648\u062f \u0625\u0644\u0649 \u0627\u0644\u063a\u0631\u0641\u0629\u060c \u064a\u0646\u0642\u0644\u0628 \u0627\u0644\u0643\u064a\u0633 \u062a\u0644\u0642\u0627\u0626\u064a\u064b\u0627 \u0625\u0644\u0649 \u0627\u0644\u062d\u0632\u0627\u0645 \u0627\u0644\u0646\u0627\u0642\u0644 \u0628\u0639\u062f \u0627\u0643\u062a\u0645\u0627\u0644 \u0627\u0644\u062a\u0639\u0628\u0626\u0629\u060c  <\/li>\n<\/ul>\n","protected":false},"excerpt":{"rendered":"<p><strong>Standart \u00d6zellikler<\/strong><br \/>\n\u2022 Elektronik loadcell \u00f6zellikli tart\u0131m sistemi. \u2022 D\u00f6ner tip g\u00fc\u00e7l\u00fc \u015fase. \u2022 Ayarlanabilir torba y\u00fcksekli\u011fi. \u2022 Pn\u00f6matik kontrol sistemi. \u2022 Otomatik hava ile dolum a\u011fz\u0131 temizleme sistemi. \u2022 PLC ve LCD kullan\u0131c\u0131 ekran\u0131 sayesinde kolay kullan\u0131m \u00f6zelli\u011fi. \u2022 Kolay de\u011fi\u015ftirilebilir Hardox tipi t\u00fcrbin paletleri. \u2022 Otomatik hava ile dolu a\u011fz\u0131 temizleme sistem. \u2022 Otomatik torba b\u0131rakma sistemi ile minimum i\u015f\u00e7ilik. \u2022 Filtre i\u00e7in ba\u011flant\u0131 a\u011fz\u0131 (1.000 m3\/saat kapasiteli emi\u015fe uygun). \u2022 Elektronik tart\u0131m kontrol \u00fcniteli (dara alma, s\u0131f\u0131rlama). \u2022 T\u00fcrbinde uzun \u00f6m\u00fcrl\u00fc yataklama. \u2022 Torba dolum konvey\u00f6r\u00fc i\u00e7in ek alt \u015fase uygulanabilmesi. \u2022 \u015ease terazisi i\u00e7in ayaklardan ayar yapabilme.<\/p>\n","protected":false},"featured_media":12546,"comment_status":"open","ping_status":"closed","template":"","meta":{"_acf_changed":false,"site-sidebar-layout":"default","site-content-layout":"","ast-site-content-layout":"default","site-content-style":"default","site-sidebar-style":"default","ast-global-header-display":"","ast-banner-title-visibility":"","ast-main-header-display":"","ast-hfb-above-header-display":"","ast-hfb-below-header-display":"","ast-hfb-mobile-header-display":"","site-post-title":"","ast-breadcrumbs-content":"","ast-featured-img":"","footer-sml-layout":"","theme-transparent-header-meta":"default","adv-header-id-meta":"","stick-header-meta":"","header-above-stick-meta":"","header-main-stick-meta":"","header-below-stick-meta":"","astra-migrate-meta-layouts":"set","ast-page-background-enabled":"default","ast-page-background-meta":{"desktop":{"background-color":"var(--ast-global-color-4)","background-image":"","background-repeat":"repeat","background-position":"center center","background-size":"auto","background-attachment":"scroll","background-type":"","background-media":"","overlay-type":"","overlay-color":"","overlay-opacity":"","overlay-gradient":""},"tablet":{"background-color":"","background-image":"","background-repeat":"repeat","background-position":"center center","background-size":"auto","background-attachment":"scroll","background-type":"","background-media":"","overlay-type":"","overlay-color":"","overlay-opacity":"","overlay-gradient":""},"mobile":{"background-color":"","background-image":"","background-repeat":"repeat","background-position":"center center","background-size":"auto","background-attachment":"scroll","background-type":"","background-media":"","overlay-type":"","overlay-color":"","overlay-opacity":"","overlay-gradient":""}},"ast-content-background-meta":{"desktop":{"background-color":"var(--ast-global-color-5)","background-image":"","background-repeat":"repeat","background-position":"center center","background-size":"auto","background-attachment":"scroll","background-type":"","background-media":"","overlay-type":"","overlay-color":"","overlay-opacity":"","overlay-gradient":""},"tablet":{"background-color":"var(--ast-global-color-5)","background-image":"","background-repeat":"repeat","background-position":"center center","background-size":"auto","background-attachment":"scroll","background-type":"","background-media":"","overlay-type":"","overlay-color":"","overlay-opacity":"","overlay-gradient":""},"mobile":{"background-color":"var(--ast-global-color-5)","background-image":"","background-repeat":"repeat","background-position":"center center","background-size":"auto","background-attachment":"scroll","background-type":"","background-media":"","overlay-type":"","overlay-color":"","overlay-opacity":"","overlay-gradient":""}}},"product_cat":[276],"product_tag":[490],"class_list":{"0":"post-10601","1":"product","2":"type-product","3":"status-publish","4":"has-post-thumbnail","6":"product_cat-276","7":"product_tag-un-paketleme-makinesi-ar","8":"desktop-align-left","9":"tablet-align-left","10":"mobile-align-left","12":"first","13":"instock","14":"shipping-taxable","15":"product-type-simple"},"acf":[],"_links":{"self":[{"href":"https:\/\/endustriyel.com\/ar\/wp-json\/wp\/v2\/product\/10601","targetHints":{"allow":["GET"]}}],"collection":[{"href":"https:\/\/endustriyel.com\/ar\/wp-json\/wp\/v2\/product"}],"about":[{"href":"https:\/\/endustriyel.com\/ar\/wp-json\/wp\/v2\/types\/product"}],"replies":[{"embeddable":true,"href":"https:\/\/endustriyel.com\/ar\/wp-json\/wp\/v2\/comments?post=10601"}],"wp:featuredmedia":[{"embeddable":true,"href":"https:\/\/endustriyel.com\/ar\/wp-json\/wp\/v2\/media\/12546"}],"wp:attachment":[{"href":"https:\/\/endustriyel.com\/ar\/wp-json\/wp\/v2\/media?parent=10601"}],"wp:term":[{"taxonomy":"product_cat","embeddable":true,"href":"https:\/\/endustriyel.com\/ar\/wp-json\/wp\/v2\/product_cat?post=10601"},{"taxonomy":"product_tag","embeddable":true,"href":"https:\/\/endustriyel.com\/ar\/wp-json\/wp\/v2\/product_tag?post=10601"}],"curies":[{"name":"wp","href":"https:\/\/api.w.org\/{rel}","templated":true}]}}